

{"id":7216,"date":"2023-12-12T08:23:15","date_gmt":"2023-12-12T08:23:15","guid":{"rendered":"https:\/\/transparencia.galapagar.es\/?page_id=7216"},"modified":"2026-02-21T11:50:09","modified_gmt":"2026-02-21T11:50:09","slug":"convocatorias-ordenes-del-dia-y-actas","status":"publish","type":"page","link":"https:\/\/transparencia.galapagar.es\/?page_id=7216","title":{"rendered":"Convocatorias, \u00d3rdenes del d\u00eda y Actas"},"content":{"rendered":"\t\t<div data-elementor-type=\"wp-page\" data-elementor-id=\"7216\" class=\"elementor elementor-7216\" data-elementor-post-type=\"page\">\n\t\t\t\t\t\t<section class=\"elementor-section elementor-top-section elementor-element elementor-element-d38f72a elementor-section-content-middle elementor-section-boxed elementor-section-height-default elementor-section-height-default\" data-id=\"d38f72a\" data-element_type=\"section\">\n\t\t\t\t\t\t<div class=\"elementor-container elementor-column-gap-default\">\n\t\t\t\t\t<div class=\"elementor-column elementor-col-100 elementor-top-column elementor-element elementor-element-61b24bb\" data-id=\"61b24bb\" data-element_type=\"column\">\n\t\t\t<div class=\"elementor-widget-wrap elementor-element-populated\">\n\t\t\t\t\t\t<div class=\"elementor-element elementor-element-21cf1a1 elementor-widget elementor-widget-breadcrumbs\" data-id=\"21cf1a1\" data-element_type=\"widget\" data-widget_type=\"breadcrumbs.default\">\n\t\t\t\t<div class=\"elementor-widget-container\">\n\t\t\t<link rel=\"stylesheet\" href=\"https:\/\/transparencia.galapagar.es\/wp-content\/plugins\/elementor-pro\/assets\/css\/widget-theme-elements.min.css\"><p id=\"breadcrumbs\"><span><span><a href=\"https:\/\/transparencia.galapagar.es\/\">Inicio<\/a><\/span><\/span><\/p>\t\t<\/div>\n\t\t\t\t<\/div>\n\t\t\t\t\t<\/div>\n\t\t<\/div>\n\t\t\t\t\t<\/div>\n\t\t<\/section>\n\t\t\t\t<section class=\"elementor-section elementor-top-section elementor-element elementor-element-cf53712 elementor-section-boxed elementor-section-height-default elementor-section-height-default\" data-id=\"cf53712\" data-element_type=\"section\">\n\t\t\t\t\t\t<div class=\"elementor-container elementor-column-gap-default\">\n\t\t\t\t\t<div class=\"elementor-column elementor-col-100 elementor-top-column elementor-element elementor-element-a138a13\" data-id=\"a138a13\" data-element_type=\"column\">\n\t\t\t<div class=\"elementor-widget-wrap elementor-element-populated\">\n\t\t\t\t\t\t<div class=\"elementor-element elementor-element-3835faf estiloTabs estiloListTabs elementor-tabs-view-horizontal elementor-widget elementor-widget-tabs\" data-id=\"3835faf\" data-element_type=\"widget\" data-widget_type=\"tabs.default\">\n\t\t\t\t<div class=\"elementor-widget-container\">\n\t\t\t<style>\/*! elementor - v3.20.0 - 13-03-2024 *\/\n.elementor-widget-tabs.elementor-tabs-view-vertical .elementor-tabs-wrapper{width:25%;flex-shrink:0}.elementor-widget-tabs.elementor-tabs-view-vertical .elementor-tab-desktop-title.elementor-active{border-right-style:none}.elementor-widget-tabs.elementor-tabs-view-vertical .elementor-tab-desktop-title.elementor-active:after,.elementor-widget-tabs.elementor-tabs-view-vertical .elementor-tab-desktop-title.elementor-active:before{height:999em;width:0;right:0;border-right-style:solid}.elementor-widget-tabs.elementor-tabs-view-vertical .elementor-tab-desktop-title.elementor-active:before{top:0;transform:translateY(-100%)}.elementor-widget-tabs.elementor-tabs-view-vertical .elementor-tab-desktop-title.elementor-active:after{top:100%}.elementor-widget-tabs.elementor-tabs-view-horizontal .elementor-tab-desktop-title{display:table-cell}.elementor-widget-tabs.elementor-tabs-view-horizontal .elementor-tab-desktop-title.elementor-active{border-bottom-style:none}.elementor-widget-tabs.elementor-tabs-view-horizontal .elementor-tab-desktop-title.elementor-active:after,.elementor-widget-tabs.elementor-tabs-view-horizontal .elementor-tab-desktop-title.elementor-active:before{bottom:0;height:0;width:999em;border-bottom-style:solid}.elementor-widget-tabs.elementor-tabs-view-horizontal .elementor-tab-desktop-title.elementor-active:before{right:100%}.elementor-widget-tabs.elementor-tabs-view-horizontal .elementor-tab-desktop-title.elementor-active:after{left:100%}.elementor-widget-tabs .elementor-tab-content,.elementor-widget-tabs .elementor-tab-title,.elementor-widget-tabs .elementor-tab-title:after,.elementor-widget-tabs .elementor-tab-title:before,.elementor-widget-tabs .elementor-tabs-content-wrapper{border:1px #d5d8dc}.elementor-widget-tabs .elementor-tabs{text-align:left}.elementor-widget-tabs .elementor-tabs-wrapper{overflow:hidden}.elementor-widget-tabs .elementor-tab-title{cursor:pointer;outline:var(--focus-outline,none)}.elementor-widget-tabs .elementor-tab-desktop-title{position:relative;padding:20px 25px;font-weight:700;line-height:1;border:solid transparent}.elementor-widget-tabs .elementor-tab-desktop-title.elementor-active{border-color:#d5d8dc}.elementor-widget-tabs .elementor-tab-desktop-title.elementor-active:after,.elementor-widget-tabs .elementor-tab-desktop-title.elementor-active:before{display:block;content:\"\";position:absolute}.elementor-widget-tabs .elementor-tab-desktop-title:focus-visible{border:1px solid #000}.elementor-widget-tabs .elementor-tab-mobile-title{padding:10px;cursor:pointer}.elementor-widget-tabs .elementor-tab-content{padding:20px;display:none}@media (max-width:767px){.elementor-tabs .elementor-tab-content,.elementor-tabs .elementor-tab-title{border-style:solid solid none}.elementor-tabs .elementor-tabs-wrapper{display:none}.elementor-tabs .elementor-tabs-content-wrapper{border-bottom-style:solid}.elementor-tabs .elementor-tab-content{padding:10px}}@media (min-width:768px){.elementor-widget-tabs.elementor-tabs-view-vertical .elementor-tabs{display:flex}.elementor-widget-tabs.elementor-tabs-view-vertical .elementor-tabs-wrapper{flex-direction:column}.elementor-widget-tabs.elementor-tabs-view-vertical .elementor-tabs-content-wrapper{flex-grow:1;border-style:solid solid solid none}.elementor-widget-tabs.elementor-tabs-view-horizontal .elementor-tab-content{border-style:none solid solid}.elementor-widget-tabs.elementor-tabs-alignment-center .elementor-tabs-wrapper,.elementor-widget-tabs.elementor-tabs-alignment-end .elementor-tabs-wrapper,.elementor-widget-tabs.elementor-tabs-alignment-stretch .elementor-tabs-wrapper{display:flex}.elementor-widget-tabs.elementor-tabs-alignment-center .elementor-tabs-wrapper{justify-content:center}.elementor-widget-tabs.elementor-tabs-alignment-end .elementor-tabs-wrapper{justify-content:flex-end}.elementor-widget-tabs.elementor-tabs-alignment-stretch.elementor-tabs-view-horizontal .elementor-tab-title{width:100%}.elementor-widget-tabs.elementor-tabs-alignment-stretch.elementor-tabs-view-vertical .elementor-tab-title{height:100%}.elementor-tabs .elementor-tab-mobile-title{display:none}}<\/style>\t\t<div class=\"elementor-tabs\">\n\t\t\t<div class=\"elementor-tabs-wrapper\" role=\"tablist\" >\n\t\t\t\t\t\t\t\t\t<div id=\"elementor-tab-title-5891\" class=\"elementor-tab-title elementor-tab-desktop-title\" aria-selected=\"true\" data-tab=\"1\" role=\"tab\" tabindex=\"0\" aria-controls=\"elementor-tab-content-5891\" aria-expanded=\"false\">Mociones<\/div>\n\t\t\t\t\t\t\t\t\t<div id=\"elementor-tab-title-5892\" class=\"elementor-tab-title elementor-tab-desktop-title\" aria-selected=\"false\" data-tab=\"2\" role=\"tab\" tabindex=\"-1\" aria-controls=\"elementor-tab-content-5892\" aria-expanded=\"false\">Acuerdos de Pleno<\/div>\n\t\t\t\t\t\t\t\t\t<div id=\"elementor-tab-title-5893\" class=\"elementor-tab-title elementor-tab-desktop-title\" aria-selected=\"false\" data-tab=\"3\" role=\"tab\" tabindex=\"-1\" aria-controls=\"elementor-tab-content-5893\" aria-expanded=\"false\">Convocatorias del Pleno<\/div>\n\t\t\t\t\t\t\t\t\t<div id=\"elementor-tab-title-5894\" class=\"elementor-tab-title elementor-tab-desktop-title\" aria-selected=\"false\" data-tab=\"4\" role=\"tab\" tabindex=\"-1\" aria-controls=\"elementor-tab-content-5894\" aria-expanded=\"false\">\u00d3rden del D\u00eda del Pleno<\/div>\n\t\t\t\t\t\t\t<\/div>\n\t\t\t<div class=\"elementor-tabs-content-wrapper\" role=\"tablist\" aria-orientation=\"vertical\">\n\t\t\t\t\t\t\t\t\t<div class=\"elementor-tab-title elementor-tab-mobile-title\" aria-selected=\"true\" data-tab=\"1\" role=\"tab\" tabindex=\"0\" aria-controls=\"elementor-tab-content-5891\" aria-expanded=\"false\">Mociones<\/div>\n\t\t\t\t\t<div id=\"elementor-tab-content-5891\" class=\"elementor-tab-content elementor-clearfix\" data-tab=\"1\" role=\"tabpanel\" aria-labelledby=\"elementor-tab-title-5891\" tabindex=\"0\" hidden=\"false\">\n\n\n\n\n<html lang=\"en\">\n<head>\n<meta http-equiv=\"Content-Type\" content=\"text\/html; charset=UTF-8\">\n\t\n<\/head>\n\n\n\n<body>\n\n \n\n\t\t\n\n\t\t\n\t\t\t<script>\n\t\t\tfunction abrir(codigo) { \n\t\t\t\twindow.open (\"https:\/\/sede.galapagar.es\/\/eAdmin\/\/ValidarDocumento.do?id_Documento=\"+codigo+\"&tipo=doc\",\"_blank\",\"toolbar=0,scrollbars=1,location=1,directories=0,status=1,menubar=0,scrollbars=0,resizable=1,width=1000,height=400\"); \n\t\t\t}\t\n\t\t\t<\/script>\n\t\t\t\n\t\t\t<!-- *************  LISTA DE DOCUMENTOS  ************************ -->\n\t\t\t<!-- \n\t\t\t\n\t\t\t<div class=\"reading-box\" style=\"background-color:#fff;border-width:1px;border-color:#ededed;border-top-width:1px;border-top-color:#a0ce4e;border-style:solid;\">\n\t\t\t   <a class=\"button fusion-button button-default button-round fusion-button-large button-large button-flat continue continue-right\" style=\"-webkit-box-shadow:none;-moz-box-shadow:none;box-shadow:none;\" href=\"javascript:abrir('RV9I4aUgzQc=')\" target=\"_self\"><span>ver documento<\/span><\/a>\n\t\t\t   <h2 data-lineheight=\"27\" data-fontsize=\"18\"><i class=\"fa fa-file\" style=\"color:#000000;\"><\/i>&nbsp;&nbsp;&nbsp; Moci\u00f3n Grupo Mixto Pleno 24-04-2025<\/h2>\n\t\t\t   <div class=\"reading-box-description\">&nbsp;&nbsp;&nbsp;&nbsp;&nbsp;&nbsp;&nbsp;&nbsp;&nbsp;<\/div>\n\t\t\t<\/div>\n\t\t\t\n\t\t\t<div class=\"reading-box\" style=\"background-color:#fff;border-width:1px;border-color:#ededed;border-top-width:1px;border-top-color:#a0ce4e;border-style:solid;\">\n\t\t\t   <a class=\"button fusion-button button-default button-round fusion-button-large button-large button-flat continue continue-right\" style=\"-webkit-box-shadow:none;-moz-box-shadow:none;box-shadow:none;\" href=\"javascript:abrir('kKGgK\/UGAlM=')\" target=\"_self\"><span>ver documento<\/span><\/a>\n\t\t\t   <h2 data-lineheight=\"27\" data-fontsize=\"18\"><i class=\"fa fa-file\" style=\"color:#000000;\"><\/i>&nbsp;&nbsp;&nbsp; Mocion PSOE Pleno Ordinario Febrero 2025<\/h2>\n\t\t\t   <div class=\"reading-box-description\">&nbsp;&nbsp;&nbsp;&nbsp;&nbsp;&nbsp;&nbsp;&nbsp;&nbsp;<\/div>\n\t\t\t<\/div>\n\t\t\t\n\t\t\t<div class=\"reading-box\" style=\"background-color:#fff;border-width:1px;border-color:#ededed;border-top-width:1px;border-top-color:#a0ce4e;border-style:solid;\">\n\t\t\t   <a class=\"button fusion-button button-default button-round fusion-button-large button-large button-flat continue continue-right\" style=\"-webkit-box-shadow:none;-moz-box-shadow:none;box-shadow:none;\" href=\"javascript:abrir('XK8pBiXleVY=')\" target=\"_self\"><span>ver documento<\/span><\/a>\n\t\t\t   <h2 data-lineheight=\"27\" data-fontsize=\"18\"><i class=\"fa fa-file\" style=\"color:#000000;\"><\/i>&nbsp;&nbsp;&nbsp; Mocion PSOE Pleno Ordinario Enero 2025<\/h2>\n\t\t\t   <div class=\"reading-box-description\">&nbsp;&nbsp;&nbsp;&nbsp;&nbsp;&nbsp;&nbsp;&nbsp;&nbsp;<\/div>\n\t\t\t<\/div>\n\t\t\t\n\t\t\t<div class=\"reading-box\" style=\"background-color:#fff;border-width:1px;border-color:#ededed;border-top-width:1px;border-top-color:#a0ce4e;border-style:solid;\">\n\t\t\t   <a class=\"button fusion-button button-default button-round fusion-button-large button-large button-flat continue continue-right\" style=\"-webkit-box-shadow:none;-moz-box-shadow:none;box-shadow:none;\" href=\"javascript:abrir('c2tT9xQtcdg=')\" target=\"_self\"><span>ver documento<\/span><\/a>\n\t\t\t   <h2 data-lineheight=\"27\" data-fontsize=\"18\"><i class=\"fa fa-file\" style=\"color:#000000;\"><\/i>&nbsp;&nbsp;&nbsp; Moci\u00f3n Por Galapagar Pleno 27-03-2025<\/h2>\n\t\t\t   <div class=\"reading-box-description\">&nbsp;&nbsp;&nbsp;&nbsp;&nbsp;&nbsp;&nbsp;&nbsp;&nbsp;<\/div>\n\t\t\t<\/div>\n\t\t\t\n\t\t\t<div class=\"reading-box\" style=\"background-color:#fff;border-width:1px;border-color:#ededed;border-top-width:1px;border-top-color:#a0ce4e;border-style:solid;\">\n\t\t\t   <a class=\"button fusion-button button-default button-round fusion-button-large button-large button-flat continue continue-right\" style=\"-webkit-box-shadow:none;-moz-box-shadow:none;box-shadow:none;\" href=\"javascript:abrir('b6scdHRi8Ic=')\" target=\"_self\"><span>ver documento<\/span><\/a>\n\t\t\t   <h2 data-lineheight=\"27\" data-fontsize=\"18\"><i class=\"fa fa-file\" style=\"color:#000000;\"><\/i>&nbsp;&nbsp;&nbsp; Mocion POR GALAPAGAR PLAN MEDICION RESIDUOS<\/h2>\n\t\t\t   <div class=\"reading-box-description\">&nbsp;&nbsp;&nbsp;&nbsp;&nbsp;&nbsp;&nbsp;&nbsp;&nbsp;<\/div>\n\t\t\t<\/div>\n\t\t\t\n\t\t\t<div class=\"reading-box\" style=\"background-color:#fff;border-width:1px;border-color:#ededed;border-top-width:1px;border-top-color:#a0ce4e;border-style:solid;\">\n\t\t\t   <a class=\"button fusion-button button-default button-round fusion-button-large button-large button-flat continue continue-right\" style=\"-webkit-box-shadow:none;-moz-box-shadow:none;box-shadow:none;\" href=\"javascript:abrir('1XYlrUIgbvU=')\" target=\"_self\"><span>ver documento<\/span><\/a>\n\t\t\t   <h2 data-lineheight=\"27\" data-fontsize=\"18\"><i class=\"fa fa-file\" style=\"color:#000000;\"><\/i>&nbsp;&nbsp;&nbsp; MOCION  Por Galapagar24-04-2025<\/h2>\n\t\t\t   <div class=\"reading-box-description\">&nbsp;&nbsp;&nbsp;&nbsp;&nbsp;&nbsp;&nbsp;&nbsp;&nbsp;<\/div>\n\t\t\t<\/div>\n\t\t\t\n\t\t\t -->\n\t\t\t\n\t\t\t\n\t\t\t\n\t\t\t\t> <a href=\"javascript:abrir('RV9I4aUgzQc=')\">Moci\u00f3n Grupo Mixto Pleno 24-04-2025<\/a>\n\t\t\t\t<br\/>\n\t\t\t\n\t\t\t\n\t\t\t\n\t\t\t\n\t\t\t\n\t\t\t\n\t\t\t\n\t\t\t\t> <a href=\"javascript:abrir('kKGgK\/UGAlM=')\">Mocion PSOE Pleno Ordinario Febrero 2025<\/a>\n\t\t\t\t<br\/>\n\t\t\t\n\t\t\t\n\t\t\t\n\t\t\t\n\t\t\t\n\t\t\t\n\t\t\t\n\t\t\t\t> <a href=\"javascript:abrir('XK8pBiXleVY=')\">Mocion PSOE Pleno Ordinario Enero 2025<\/a>\n\t\t\t\t<br\/>\n\t\t\t\n\t\t\t\n\t\t\t\n\t\t\t\n\t\t\t\n\t\t\t\n\t\t\t\n\t\t\t\t> <a href=\"javascript:abrir('c2tT9xQtcdg=')\">Moci\u00f3n Por Galapagar Pleno 27-03-2025<\/a>\n\t\t\t\t<br\/>\n\t\t\t\n\t\t\t\n\t\t\t\n\t\t\t\n\t\t\t\n\t\t\t\n\t\t\t\n\t\t\t\t> <a href=\"javascript:abrir('b6scdHRi8Ic=')\">Mocion POR GALAPAGAR PLAN MEDICION RESIDUOS<\/a>\n\t\t\t\t<br\/>\n\t\t\t\n\t\t\t\n\t\t\t\n\t\t\t\n\t\t\t\n\t\t\t\n\t\t\t\n\t\t\t\t> <a href=\"javascript:abrir('1XYlrUIgbvU=')\">MOCION  Por Galapagar24-04-2025<\/a>\n\t\t\t\t<br\/>\n\t\t\t\n\t\t\t\n\t\t\t\n\t\t\t\n\t\t\t\n\t\t\t\n\t\t\n\n\t\t\n\n\t\t\n\n\n<\/body>\n<\/html>\n\n\n<p><a href=\"http:\/\/transparencia.galapagar.es\/wp-content\/uploads\/2026\/02\/MOCIONES-LEGISLATURA-2023-2027.pdf\">Relaci\u00f3n de Mociones<\/a><\/p><\/div>\n\t\t\t\t\t\t\t\t\t<div class=\"elementor-tab-title elementor-tab-mobile-title\" aria-selected=\"false\" data-tab=\"2\" role=\"tab\" tabindex=\"-1\" aria-controls=\"elementor-tab-content-5892\" aria-expanded=\"false\">Acuerdos de Pleno<\/div>\n\t\t\t\t\t<div id=\"elementor-tab-content-5892\" class=\"elementor-tab-content elementor-clearfix\" data-tab=\"2\" role=\"tabpanel\" aria-labelledby=\"elementor-tab-title-5892\" tabindex=\"0\" hidden=\"hidden\"><p><a href=\"http:\/\/transparencia.galapagar.es\/wp-content\/uploads\/2026\/02\/ACUERDOS-PLENO-150623-170226.pdf\">Relaci\u00f3n de acuerdos<\/a><\/p><\/div>\n\t\t\t\t\t\t\t\t\t<div class=\"elementor-tab-title elementor-tab-mobile-title\" aria-selected=\"false\" data-tab=\"3\" role=\"tab\" tabindex=\"-1\" aria-controls=\"elementor-tab-content-5893\" aria-expanded=\"false\">Convocatorias del Pleno<\/div>\n\t\t\t\t\t<div id=\"elementor-tab-content-5893\" class=\"elementor-tab-content elementor-clearfix\" data-tab=\"3\" role=\"tabpanel\" aria-labelledby=\"elementor-tab-title-5893\" tabindex=\"0\" hidden=\"hidden\"><p>Accede al tabl\u00f3n de anuncios <a href=\"https:\/\/sede.galapagar.es\/eAdmin\/Tablon.do?action=verAnuncios\">AQU\u00cd<\/a><\/p><\/div>\n\t\t\t\t\t\t\t\t\t<div class=\"elementor-tab-title elementor-tab-mobile-title\" aria-selected=\"false\" data-tab=\"4\" role=\"tab\" tabindex=\"-1\" aria-controls=\"elementor-tab-content-5894\" aria-expanded=\"false\">\u00d3rden del D\u00eda del Pleno<\/div>\n\t\t\t\t\t<div id=\"elementor-tab-content-5894\" class=\"elementor-tab-content elementor-clearfix\" data-tab=\"4\" role=\"tabpanel\" aria-labelledby=\"elementor-tab-title-5894\" tabindex=\"0\" hidden=\"hidden\"><p>Accede al tabl\u00f3n de anuncios <a href=\"https:\/\/sede.galapagar.es\/eAdmin\/Tablon.do?action=verAnuncios\">AQU\u00cd<\/a><\/p><\/div>\n\t\t\t\t\t\t\t<\/div>\n\t\t<\/div>\n\t\t\t\t<\/div>\n\t\t\t\t<\/div>\n\t\t\t\t\t<\/div>\n\t\t<\/div>\n\t\t\t\t\t<\/div>\n\t\t<\/section>\n\t\t\t\t<\/div>\n\t\t","protected":false},"excerpt":{"rendered":"<p>Mociones Acuerdos de Pleno Convocatorias del Pleno \u00d3rden del D\u00eda del Pleno Mociones > Moci\u00f3n Grupo Mixto Pleno 24-04-2025 > Mocion PSOE Pleno Ordinario Febrero 2025 > Mocion PSOE Pleno [&hellip;]<\/p>\n","protected":false},"author":21,"featured_media":0,"parent":0,"menu_order":0,"comment_status":"closed","ping_status":"closed","template":"","meta":{"_piecal_is_event":false,"_piecal_start_date":"","_piecal_end_date":"","_piecal_is_allday":false,"_price":"","_stock":"","_tribe_ticket_header":"","_tribe_default_ticket_provider":"","_tribe_ticket_capacity":"0","_ticket_start_date":"","_ticket_end_date":"","_tribe_ticket_show_description":"","_tribe_ticket_show_not_going":false,"_tribe_ticket_use_global_stock":"","_tribe_ticket_global_stock_level":"","_global_stock_mode":"","_global_stock_cap":"","_tribe_rsvp_for_event":"","_tribe_ticket_going_count":"","_tribe_ticket_not_going_count":"","_tribe_tickets_list":"[]","_tribe_ticket_has_attendee_info_fields":false,"footnotes":""},"yoast_head":"<!-- This site is optimized with the Yoast SEO plugin v22.0 - https:\/\/yoast.com\/wordpress\/plugins\/seo\/ -->\n<title>Convocatorias, \u00d3rdenes del d\u00eda y Actas - Transparencia | Ayuntamiento de Galapagar<\/title>\n<meta name=\"robots\" content=\"index, follow, max-snippet:-1, max-image-preview:large, max-video-preview:-1\" \/>\n<link rel=\"canonical\" href=\"https:\/\/transparencia.galapagar.es\/?page_id=7216\" \/>\n<meta property=\"og:locale\" content=\"es_ES\" \/>\n<meta property=\"og:type\" content=\"article\" \/>\n<meta property=\"og:title\" content=\"Convocatorias, \u00d3rdenes del d\u00eda y Actas - Transparencia | Ayuntamiento de Galapagar\" \/>\n<meta property=\"og:description\" content=\"Mociones Acuerdos de Pleno Convocatorias del Pleno \u00d3rden del D\u00eda del Pleno Mociones &gt; Moci\u00f3n Grupo Mixto Pleno 24-04-2025 &gt; Mocion PSOE Pleno Ordinario Febrero 2025 &gt; Mocion PSOE Pleno [&hellip;]\" \/>\n<meta property=\"og:url\" content=\"https:\/\/transparencia.galapagar.es\/?page_id=7216\" \/>\n<meta property=\"og:site_name\" content=\"Transparencia | Ayuntamiento de Galapagar\" \/>\n<meta property=\"article:modified_time\" content=\"2026-02-21T11:50:09+00:00\" \/>\n<meta name=\"twitter:card\" content=\"summary_large_image\" \/>\n<script type=\"application\/ld+json\" class=\"yoast-schema-graph\">{\"@context\":\"https:\/\/schema.org\",\"@graph\":[{\"@type\":\"WebPage\",\"@id\":\"https:\/\/transparencia.galapagar.es\/?page_id=7216\",\"url\":\"https:\/\/transparencia.galapagar.es\/?page_id=7216\",\"name\":\"Convocatorias, \u00d3rdenes del d\u00eda y Actas - Transparencia | Ayuntamiento de Galapagar\",\"isPartOf\":{\"@id\":\"https:\/\/transparencia.galapagar.es\/#website\"},\"datePublished\":\"2023-12-12T08:23:15+00:00\",\"dateModified\":\"2026-02-21T11:50:09+00:00\",\"breadcrumb\":{\"@id\":\"https:\/\/transparencia.galapagar.es\/?page_id=7216#breadcrumb\"},\"inLanguage\":\"es\",\"potentialAction\":[{\"@type\":\"ReadAction\",\"target\":[\"https:\/\/transparencia.galapagar.es\/?page_id=7216\"]}]},{\"@type\":\"BreadcrumbList\",\"@id\":\"https:\/\/transparencia.galapagar.es\/?page_id=7216#breadcrumb\",\"itemListElement\":[{\"@type\":\"ListItem\",\"position\":1,\"name\":\"Inicio\",\"item\":\"https:\/\/transparencia.galapagar.es\/\"},{\"@type\":\"ListItem\",\"position\":2,\"name\":\"Convocatorias, \u00d3rdenes del d\u00eda y Actas\"}]},{\"@type\":\"WebSite\",\"@id\":\"https:\/\/transparencia.galapagar.es\/#website\",\"url\":\"https:\/\/transparencia.galapagar.es\/\",\"name\":\"Transparencia | Ayuntamiento de Galapagar\",\"description\":\"Portal de Transparencia de Galapagar\",\"publisher\":{\"@id\":\"https:\/\/transparencia.galapagar.es\/#organization\"},\"potentialAction\":[{\"@type\":\"SearchAction\",\"target\":{\"@type\":\"EntryPoint\",\"urlTemplate\":\"https:\/\/transparencia.galapagar.es\/?s={search_term_string}\"},\"query-input\":\"required name=search_term_string\"}],\"inLanguage\":\"es\"},{\"@type\":\"Organization\",\"@id\":\"https:\/\/transparencia.galapagar.es\/#organization\",\"name\":\"Transparencia | Ayuntamiento de Galapagar\",\"url\":\"https:\/\/transparencia.galapagar.es\/\",\"logo\":{\"@type\":\"ImageObject\",\"inLanguage\":\"es\",\"@id\":\"https:\/\/transparencia.galapagar.es\/#\/schema\/logo\/image\/\",\"url\":\"https:\/\/transparencia.galapagar.es\/wp-content\/uploads\/2020\/07\/escudoayuntamiento90x90-01.png\",\"contentUrl\":\"https:\/\/transparencia.galapagar.es\/wp-content\/uploads\/2020\/07\/escudoayuntamiento90x90-01.png\",\"width\":376,\"height\":376,\"caption\":\"Transparencia | Ayuntamiento de Galapagar\"},\"image\":{\"@id\":\"https:\/\/transparencia.galapagar.es\/#\/schema\/logo\/image\/\"}}]}<\/script>\n<!-- \/ Yoast SEO plugin. -->","yoast_head_json":{"title":"Convocatorias, \u00d3rdenes del d\u00eda y Actas - Transparencia | Ayuntamiento de Galapagar","robots":{"index":"index","follow":"follow","max-snippet":"max-snippet:-1","max-image-preview":"max-image-preview:large","max-video-preview":"max-video-preview:-1"},"canonical":"https:\/\/transparencia.galapagar.es\/?page_id=7216","og_locale":"es_ES","og_type":"article","og_title":"Convocatorias, \u00d3rdenes del d\u00eda y Actas - Transparencia | Ayuntamiento de Galapagar","og_description":"Mociones Acuerdos de Pleno Convocatorias del Pleno \u00d3rden del D\u00eda del Pleno Mociones > Moci\u00f3n Grupo Mixto Pleno 24-04-2025 > Mocion PSOE Pleno Ordinario Febrero 2025 > Mocion PSOE Pleno [&hellip;]","og_url":"https:\/\/transparencia.galapagar.es\/?page_id=7216","og_site_name":"Transparencia | Ayuntamiento de Galapagar","article_modified_time":"2026-02-21T11:50:09+00:00","twitter_card":"summary_large_image","schema":{"@context":"https:\/\/schema.org","@graph":[{"@type":"WebPage","@id":"https:\/\/transparencia.galapagar.es\/?page_id=7216","url":"https:\/\/transparencia.galapagar.es\/?page_id=7216","name":"Convocatorias, \u00d3rdenes del d\u00eda y Actas - Transparencia | Ayuntamiento de Galapagar","isPartOf":{"@id":"https:\/\/transparencia.galapagar.es\/#website"},"datePublished":"2023-12-12T08:23:15+00:00","dateModified":"2026-02-21T11:50:09+00:00","breadcrumb":{"@id":"https:\/\/transparencia.galapagar.es\/?page_id=7216#breadcrumb"},"inLanguage":"es","potentialAction":[{"@type":"ReadAction","target":["https:\/\/transparencia.galapagar.es\/?page_id=7216"]}]},{"@type":"BreadcrumbList","@id":"https:\/\/transparencia.galapagar.es\/?page_id=7216#breadcrumb","itemListElement":[{"@type":"ListItem","position":1,"name":"Inicio","item":"https:\/\/transparencia.galapagar.es\/"},{"@type":"ListItem","position":2,"name":"Convocatorias, \u00d3rdenes del d\u00eda y Actas"}]},{"@type":"WebSite","@id":"https:\/\/transparencia.galapagar.es\/#website","url":"https:\/\/transparencia.galapagar.es\/","name":"Transparencia | Ayuntamiento de Galapagar","description":"Portal de Transparencia de Galapagar","publisher":{"@id":"https:\/\/transparencia.galapagar.es\/#organization"},"potentialAction":[{"@type":"SearchAction","target":{"@type":"EntryPoint","urlTemplate":"https:\/\/transparencia.galapagar.es\/?s={search_term_string}"},"query-input":"required name=search_term_string"}],"inLanguage":"es"},{"@type":"Organization","@id":"https:\/\/transparencia.galapagar.es\/#organization","name":"Transparencia | Ayuntamiento de Galapagar","url":"https:\/\/transparencia.galapagar.es\/","logo":{"@type":"ImageObject","inLanguage":"es","@id":"https:\/\/transparencia.galapagar.es\/#\/schema\/logo\/image\/","url":"https:\/\/transparencia.galapagar.es\/wp-content\/uploads\/2020\/07\/escudoayuntamiento90x90-01.png","contentUrl":"https:\/\/transparencia.galapagar.es\/wp-content\/uploads\/2020\/07\/escudoayuntamiento90x90-01.png","width":376,"height":376,"caption":"Transparencia | Ayuntamiento de Galapagar"},"image":{"@id":"https:\/\/transparencia.galapagar.es\/#\/schema\/logo\/image\/"}}]}},"ticketed":false,"_links":{"self":[{"href":"https:\/\/transparencia.galapagar.es\/index.php?rest_route=\/wp\/v2\/pages\/7216"}],"collection":[{"href":"https:\/\/transparencia.galapagar.es\/index.php?rest_route=\/wp\/v2\/pages"}],"about":[{"href":"https:\/\/transparencia.galapagar.es\/index.php?rest_route=\/wp\/v2\/types\/page"}],"author":[{"embeddable":true,"href":"https:\/\/transparencia.galapagar.es\/index.php?rest_route=\/wp\/v2\/users\/21"}],"replies":[{"embeddable":true,"href":"https:\/\/transparencia.galapagar.es\/index.php?rest_route=%2Fwp%2Fv2%2Fcomments&post=7216"}],"version-history":[{"count":90,"href":"https:\/\/transparencia.galapagar.es\/index.php?rest_route=\/wp\/v2\/pages\/7216\/revisions"}],"predecessor-version":[{"id":12020,"href":"https:\/\/transparencia.galapagar.es\/index.php?rest_route=\/wp\/v2\/pages\/7216\/revisions\/12020"}],"wp:attachment":[{"href":"https:\/\/transparencia.galapagar.es\/index.php?rest_route=%2Fwp%2Fv2%2Fmedia&parent=7216"}],"curies":[{"name":"wp","href":"https:\/\/api.w.org\/{rel}","templated":true}]}}