

{"id":11788,"date":"2025-05-15T07:03:14","date_gmt":"2025-05-15T07:03:14","guid":{"rendered":"https:\/\/transparencia.galapagar.es\/?page_id=11788"},"modified":"2025-07-23T12:25:46","modified_gmt":"2025-07-23T12:25:46","slug":"procesos-participacion","status":"publish","type":"page","link":"https:\/\/transparencia.galapagar.es\/?page_id=11788","title":{"rendered":"Procesos Participacion"},"content":{"rendered":"\t\t<div data-elementor-type=\"wp-page\" data-elementor-id=\"11788\" class=\"elementor elementor-11788\" data-elementor-post-type=\"page\">\n\t\t\t\t\t\t<section class=\"elementor-section elementor-top-section elementor-element elementor-element-cbe49c3 elementor-section-content-middle elementor-section-boxed elementor-section-height-default elementor-section-height-default\" data-id=\"cbe49c3\" data-element_type=\"section\">\n\t\t\t\t\t\t<div class=\"elementor-container elementor-column-gap-default\">\n\t\t\t\t\t<div class=\"elementor-column elementor-col-100 elementor-top-column elementor-element elementor-element-2d3b9e5\" data-id=\"2d3b9e5\" data-element_type=\"column\">\n\t\t\t<div class=\"elementor-widget-wrap elementor-element-populated\">\n\t\t\t\t\t\t<div class=\"elementor-element elementor-element-bc721ba elementor-widget elementor-widget-breadcrumbs\" data-id=\"bc721ba\" data-element_type=\"widget\" data-widget_type=\"breadcrumbs.default\">\n\t\t\t\t<div class=\"elementor-widget-container\">\n\t\t\t<link rel=\"stylesheet\" href=\"https:\/\/transparencia.galapagar.es\/wp-content\/plugins\/elementor-pro\/assets\/css\/widget-theme-elements.min.css\"><p id=\"breadcrumbs\"><span><span><a href=\"https:\/\/transparencia.galapagar.es\/\">Inicio<\/a><\/span><\/span><\/p>\t\t<\/div>\n\t\t\t\t<\/div>\n\t\t\t\t\t<\/div>\n\t\t<\/div>\n\t\t\t\t\t<\/div>\n\t\t<\/section>\n\t\t\t\t<section class=\"elementor-section elementor-top-section elementor-element elementor-element-c684647 elementor-section-boxed elementor-section-height-default elementor-section-height-default\" data-id=\"c684647\" data-element_type=\"section\">\n\t\t\t\t\t\t<div class=\"elementor-container elementor-column-gap-default\">\n\t\t\t\t\t<div class=\"elementor-column elementor-col-100 elementor-top-column elementor-element elementor-element-1cdee67 borde-degradado\" data-id=\"1cdee67\" data-element_type=\"column\">\n\t\t\t<div class=\"elementor-widget-wrap elementor-element-populated\">\n\t\t\t\t\t\t<div class=\"elementor-element elementor-element-d359321 elementor-widget elementor-widget-heading\" data-id=\"d359321\" data-element_type=\"widget\" data-widget_type=\"heading.default\">\n\t\t\t\t<div class=\"elementor-widget-container\">\n\t\t\t<style>\/*! elementor - v3.20.0 - 13-03-2024 *\/\n.elementor-heading-title{padding:0;margin:0;line-height:1}.elementor-widget-heading .elementor-heading-title[class*=elementor-size-]>a{color:inherit;font-size:inherit;line-height:inherit}.elementor-widget-heading .elementor-heading-title.elementor-size-small{font-size:15px}.elementor-widget-heading .elementor-heading-title.elementor-size-medium{font-size:19px}.elementor-widget-heading .elementor-heading-title.elementor-size-large{font-size:29px}.elementor-widget-heading .elementor-heading-title.elementor-size-xl{font-size:39px}.elementor-widget-heading .elementor-heading-title.elementor-size-xxl{font-size:59px}<\/style><h2 class=\"elementor-heading-title elementor-size-default\">Procesos participaci\u00f3n ciudadana.<\/h2>\t\t<\/div>\n\t\t\t\t<\/div>\n\t\t\t\t\t<\/div>\n\t\t<\/div>\n\t\t\t\t\t<\/div>\n\t\t<\/section>\n\t\t\t\t<section class=\"elementor-section elementor-top-section elementor-element elementor-element-ee97f7d elementor-section-boxed elementor-section-height-default elementor-section-height-default\" data-id=\"ee97f7d\" data-element_type=\"section\">\n\t\t\t\t\t\t<div class=\"elementor-container elementor-column-gap-default\">\n\t\t\t\t\t<div class=\"elementor-column elementor-col-100 elementor-top-column elementor-element elementor-element-264188f\" data-id=\"264188f\" data-element_type=\"column\">\n\t\t\t<div class=\"elementor-widget-wrap elementor-element-populated\">\n\t\t\t\t\t\t<div class=\"elementor-element elementor-element-774c657 elementor-align-left elementor-icon-list--layout-traditional elementor-list-item-link-full_width elementor-widget elementor-widget-icon-list\" data-id=\"774c657\" data-element_type=\"widget\" data-widget_type=\"icon-list.default\">\n\t\t\t\t<div class=\"elementor-widget-container\">\n\t\t\t<link rel=\"stylesheet\" href=\"https:\/\/transparencia.galapagar.es\/wp-content\/plugins\/elementor\/assets\/css\/widget-icon-list.min.css\">\t\t<ul class=\"elementor-icon-list-items\">\n\t\t\t\t\t\t\t<li class=\"elementor-icon-list-item\">\n\t\t\t\t\t\t\t\t\t\t\t<a href=\"https:\/\/forms.office.com\/e\/G3LBf5tdnc\">\n\n\t\t\t\t\t\t\t\t\t\t\t\t<span class=\"elementor-icon-list-icon\">\n\t\t\t\t\t\t\t<i aria-hidden=\"true\" class=\"far fa-clipboard\"><\/i>\t\t\t\t\t\t<\/span>\n\t\t\t\t\t\t\t\t\t\t<span class=\"elementor-icon-list-text\">Encuesta Estacionamiento regulado<\/span>\n\t\t\t\t\t\t\t\t\t\t\t<\/a>\n\t\t\t\t\t\t\t\t\t<\/li>\n\t\t\t\t\t\t\t\t<li class=\"elementor-icon-list-item\">\n\t\t\t\t\t\t\t\t\t\t\t<a href=\"https:\/\/galapagar.es\/encuesta-ser\/\">\n\n\t\t\t\t\t\t\t\t\t\t\t\t<span class=\"elementor-icon-list-icon\">\n\t\t\t\t\t\t\t<i aria-hidden=\"true\" class=\"far fa-newspaper\"><\/i>\t\t\t\t\t\t<\/span>\n\t\t\t\t\t\t\t\t\t\t<span class=\"elementor-icon-list-text\">Nota de prensa<\/span>\n\t\t\t\t\t\t\t\t\t\t\t<\/a>\n\t\t\t\t\t\t\t\t\t<\/li>\n\t\t\t\t\t\t\t\t<li class=\"elementor-icon-list-item\">\n\t\t\t\t\t\t\t\t\t\t\t<a href=\"https:\/\/galapagar.es\/galapagar-adapta-el-servicio-de-estacionamiento-regulado-a-las-sugerencias-vecinales\/\">\n\n\t\t\t\t\t\t\t\t\t\t\t\t<span class=\"elementor-icon-list-icon\">\n\t\t\t\t\t\t\t<i aria-hidden=\"true\" class=\"far fa-thumbs-up\"><\/i>\t\t\t\t\t\t<\/span>\n\t\t\t\t\t\t\t\t\t\t<span class=\"elementor-icon-list-text\">Resultado y acciones realizadas<\/span>\n\t\t\t\t\t\t\t\t\t\t\t<\/a>\n\t\t\t\t\t\t\t\t\t<\/li>\n\t\t\t\t\t\t\t\t<li class=\"elementor-icon-list-item\">\n\t\t\t\t\t\t\t\t\t\t\t<span class=\"elementor-icon-list-icon\">\n\t\t\t\t\t\t\t<i aria-hidden=\"true\" class=\"fas fa-grip-lines\"><\/i>\t\t\t\t\t\t<\/span>\n\t\t\t\t\t\t\t\t\t\t<span class=\"elementor-icon-list-text\"><\/span>\n\t\t\t\t\t\t\t\t\t<\/li>\n\t\t\t\t\t\t\t\t<li class=\"elementor-icon-list-item\">\n\t\t\t\t\t\t\t\t\t\t\t<a href=\"https:\/\/docs.google.com\/forms\/d\/e\/1FAIpQLScX2Q0Q4i_bRP_UpCItUpAWRgH-6hItVuU6Ge42bQ_j6NhJyA\/closedform\">\n\n\t\t\t\t\t\t\t\t\t\t\t\t<span class=\"elementor-icon-list-icon\">\n\t\t\t\t\t\t\t<i aria-hidden=\"true\" class=\"far fa-clipboard\"><\/i>\t\t\t\t\t\t<\/span>\n\t\t\t\t\t\t\t\t\t\t<span class=\"elementor-icon-list-text\">Encuesta Plan de Actuaci\u00f3n integrado<\/span>\n\t\t\t\t\t\t\t\t\t\t\t<\/a>\n\t\t\t\t\t\t\t\t\t<\/li>\n\t\t\t\t\t\t\t\t<li class=\"elementor-icon-list-item\">\n\t\t\t\t\t\t\t\t\t\t\t<a href=\"https:\/\/galapagar.es\/encuesta-galapagar-enero25\/\">\n\n\t\t\t\t\t\t\t\t\t\t\t\t<span class=\"elementor-icon-list-icon\">\n\t\t\t\t\t\t\t<i aria-hidden=\"true\" class=\"far fa-newspaper\"><\/i>\t\t\t\t\t\t<\/span>\n\t\t\t\t\t\t\t\t\t\t<span class=\"elementor-icon-list-text\">Nota prensa<\/span>\n\t\t\t\t\t\t\t\t\t\t\t<\/a>\n\t\t\t\t\t\t\t\t\t<\/li>\n\t\t\t\t\t\t\t\t<li class=\"elementor-icon-list-item\">\n\t\t\t\t\t\t\t\t\t\t\t<a href=\"http:\/\/transparencia.galapagar.es\/wp-content\/uploads\/2025\/05\/9B8FDC5ECED94546ADE486868B1ECF18.pdf\">\n\n\t\t\t\t\t\t\t\t\t\t\t\t<span class=\"elementor-icon-list-icon\">\n\t\t\t\t\t\t\t<i aria-hidden=\"true\" class=\"far fa-thumbs-up\"><\/i>\t\t\t\t\t\t<\/span>\n\t\t\t\t\t\t\t\t\t\t<span class=\"elementor-icon-list-text\">Resultados <\/span>\n\t\t\t\t\t\t\t\t\t\t\t<\/a>\n\t\t\t\t\t\t\t\t\t<\/li>\n\t\t\t\t\t\t\t\t<li class=\"elementor-icon-list-item\">\n\t\t\t\t\t\t\t\t\t\t\t<span class=\"elementor-icon-list-icon\">\n\t\t\t\t\t\t\t<i aria-hidden=\"true\" class=\"fas fa-grip-lines\"><\/i>\t\t\t\t\t\t<\/span>\n\t\t\t\t\t\t\t\t\t\t<span class=\"elementor-icon-list-text\"><\/span>\n\t\t\t\t\t\t\t\t\t<\/li>\n\t\t\t\t\t\t\t\t<li class=\"elementor-icon-list-item\">\n\t\t\t\t\t\t\t\t\t\t\t<a href=\"http:\/\/transparencia.galapagar.es\/wp-content\/uploads\/2025\/07\/505-082-AYTO-GALAPAGAR-RESULTADOS.pdf\">\n\n\t\t\t\t\t\t\t\t\t\t\t\t<span class=\"elementor-icon-list-icon\">\n\t\t\t\t\t\t\t<i aria-hidden=\"true\" class=\"far fa-clipboard\"><\/i>\t\t\t\t\t\t<\/span>\n\t\t\t\t\t\t\t\t\t\t<span class=\"elementor-icon-list-text\">Resultados Encuesta Satisfacci\u00f3n Servicios Municipales<\/span>\n\t\t\t\t\t\t\t\t\t\t\t<\/a>\n\t\t\t\t\t\t\t\t\t<\/li>\n\t\t\t\t\t\t<\/ul>\n\t\t\t\t<\/div>\n\t\t\t\t<\/div>\n\t\t\t\t\t<\/div>\n\t\t<\/div>\n\t\t\t\t\t<\/div>\n\t\t<\/section>\n\t\t\t\t<\/div>\n\t\t","protected":false},"excerpt":{"rendered":"<p>Procesos participaci\u00f3n ciudadana. Encuesta Estacionamiento regulado Nota de prensa Resultado y acciones realizadas Encuesta Plan de Actuaci\u00f3n integrado Nota prensa Resultados Resultados Encuesta Satisfacci\u00f3n Servicios Municipales<\/p>\n","protected":false},"author":21,"featured_media":0,"parent":0,"menu_order":0,"comment_status":"closed","ping_status":"closed","template":"","meta":{"_piecal_is_event":false,"_piecal_start_date":"","_piecal_end_date":"","_piecal_is_allday":false,"_price":"","_stock":"","_tribe_ticket_header":"","_tribe_default_ticket_provider":"","_tribe_ticket_capacity":"0","_ticket_start_date":"","_ticket_end_date":"","_tribe_ticket_show_description":"","_tribe_ticket_show_not_going":false,"_tribe_ticket_use_global_stock":"","_tribe_ticket_global_stock_level":"","_global_stock_mode":"","_global_stock_cap":"","_tribe_rsvp_for_event":"","_tribe_ticket_going_count":"","_tribe_ticket_not_going_count":"","_tribe_tickets_list":"[]","_tribe_ticket_has_attendee_info_fields":false,"footnotes":""},"yoast_head":"<!-- This site is optimized with the Yoast SEO plugin v22.0 - https:\/\/yoast.com\/wordpress\/plugins\/seo\/ -->\n<title>Procesos Participacion - Transparencia | Ayuntamiento de Galapagar<\/title>\n<meta name=\"robots\" content=\"index, follow, max-snippet:-1, max-image-preview:large, max-video-preview:-1\" \/>\n<link rel=\"canonical\" href=\"https:\/\/transparencia.galapagar.es\/?page_id=11788\" \/>\n<meta property=\"og:locale\" content=\"es_ES\" \/>\n<meta property=\"og:type\" content=\"article\" \/>\n<meta property=\"og:title\" content=\"Procesos Participacion - Transparencia | Ayuntamiento de Galapagar\" \/>\n<meta property=\"og:description\" content=\"Procesos participaci\u00f3n ciudadana. Encuesta Estacionamiento regulado Nota de prensa Resultado y acciones realizadas Encuesta Plan de Actuaci\u00f3n integrado Nota prensa Resultados Resultados Encuesta Satisfacci\u00f3n Servicios Municipales\" \/>\n<meta property=\"og:url\" content=\"https:\/\/transparencia.galapagar.es\/?page_id=11788\" \/>\n<meta property=\"og:site_name\" content=\"Transparencia | Ayuntamiento de Galapagar\" \/>\n<meta property=\"article:modified_time\" content=\"2025-07-23T12:25:46+00:00\" \/>\n<meta name=\"twitter:card\" content=\"summary_large_image\" \/>\n<meta name=\"twitter:label1\" content=\"Tiempo de lectura\" \/>\n\t<meta name=\"twitter:data1\" content=\"1 minuto\" \/>\n<script type=\"application\/ld+json\" class=\"yoast-schema-graph\">{\"@context\":\"https:\/\/schema.org\",\"@graph\":[{\"@type\":\"WebPage\",\"@id\":\"https:\/\/transparencia.galapagar.es\/?page_id=11788\",\"url\":\"https:\/\/transparencia.galapagar.es\/?page_id=11788\",\"name\":\"Procesos Participacion - Transparencia | Ayuntamiento de Galapagar\",\"isPartOf\":{\"@id\":\"https:\/\/transparencia.galapagar.es\/#website\"},\"datePublished\":\"2025-05-15T07:03:14+00:00\",\"dateModified\":\"2025-07-23T12:25:46+00:00\",\"breadcrumb\":{\"@id\":\"https:\/\/transparencia.galapagar.es\/?page_id=11788#breadcrumb\"},\"inLanguage\":\"es\",\"potentialAction\":[{\"@type\":\"ReadAction\",\"target\":[\"https:\/\/transparencia.galapagar.es\/?page_id=11788\"]}]},{\"@type\":\"BreadcrumbList\",\"@id\":\"https:\/\/transparencia.galapagar.es\/?page_id=11788#breadcrumb\",\"itemListElement\":[{\"@type\":\"ListItem\",\"position\":1,\"name\":\"Inicio\",\"item\":\"https:\/\/transparencia.galapagar.es\/\"},{\"@type\":\"ListItem\",\"position\":2,\"name\":\"Procesos Participacion\"}]},{\"@type\":\"WebSite\",\"@id\":\"https:\/\/transparencia.galapagar.es\/#website\",\"url\":\"https:\/\/transparencia.galapagar.es\/\",\"name\":\"Transparencia | Ayuntamiento de Galapagar\",\"description\":\"Portal de Transparencia de Galapagar\",\"publisher\":{\"@id\":\"https:\/\/transparencia.galapagar.es\/#organization\"},\"potentialAction\":[{\"@type\":\"SearchAction\",\"target\":{\"@type\":\"EntryPoint\",\"urlTemplate\":\"https:\/\/transparencia.galapagar.es\/?s={search_term_string}\"},\"query-input\":\"required name=search_term_string\"}],\"inLanguage\":\"es\"},{\"@type\":\"Organization\",\"@id\":\"https:\/\/transparencia.galapagar.es\/#organization\",\"name\":\"Transparencia | Ayuntamiento de Galapagar\",\"url\":\"https:\/\/transparencia.galapagar.es\/\",\"logo\":{\"@type\":\"ImageObject\",\"inLanguage\":\"es\",\"@id\":\"https:\/\/transparencia.galapagar.es\/#\/schema\/logo\/image\/\",\"url\":\"https:\/\/transparencia.galapagar.es\/wp-content\/uploads\/2020\/07\/escudoayuntamiento90x90-01.png\",\"contentUrl\":\"https:\/\/transparencia.galapagar.es\/wp-content\/uploads\/2020\/07\/escudoayuntamiento90x90-01.png\",\"width\":376,\"height\":376,\"caption\":\"Transparencia | Ayuntamiento de Galapagar\"},\"image\":{\"@id\":\"https:\/\/transparencia.galapagar.es\/#\/schema\/logo\/image\/\"}}]}<\/script>\n<!-- \/ Yoast SEO plugin. -->","yoast_head_json":{"title":"Procesos Participacion - Transparencia | Ayuntamiento de Galapagar","robots":{"index":"index","follow":"follow","max-snippet":"max-snippet:-1","max-image-preview":"max-image-preview:large","max-video-preview":"max-video-preview:-1"},"canonical":"https:\/\/transparencia.galapagar.es\/?page_id=11788","og_locale":"es_ES","og_type":"article","og_title":"Procesos Participacion - Transparencia | Ayuntamiento de Galapagar","og_description":"Procesos participaci\u00f3n ciudadana. Encuesta Estacionamiento regulado Nota de prensa Resultado y acciones realizadas Encuesta Plan de Actuaci\u00f3n integrado Nota prensa Resultados Resultados Encuesta Satisfacci\u00f3n Servicios Municipales","og_url":"https:\/\/transparencia.galapagar.es\/?page_id=11788","og_site_name":"Transparencia | Ayuntamiento de Galapagar","article_modified_time":"2025-07-23T12:25:46+00:00","twitter_card":"summary_large_image","twitter_misc":{"Tiempo de lectura":"1 minuto"},"schema":{"@context":"https:\/\/schema.org","@graph":[{"@type":"WebPage","@id":"https:\/\/transparencia.galapagar.es\/?page_id=11788","url":"https:\/\/transparencia.galapagar.es\/?page_id=11788","name":"Procesos Participacion - Transparencia | Ayuntamiento de Galapagar","isPartOf":{"@id":"https:\/\/transparencia.galapagar.es\/#website"},"datePublished":"2025-05-15T07:03:14+00:00","dateModified":"2025-07-23T12:25:46+00:00","breadcrumb":{"@id":"https:\/\/transparencia.galapagar.es\/?page_id=11788#breadcrumb"},"inLanguage":"es","potentialAction":[{"@type":"ReadAction","target":["https:\/\/transparencia.galapagar.es\/?page_id=11788"]}]},{"@type":"BreadcrumbList","@id":"https:\/\/transparencia.galapagar.es\/?page_id=11788#breadcrumb","itemListElement":[{"@type":"ListItem","position":1,"name":"Inicio","item":"https:\/\/transparencia.galapagar.es\/"},{"@type":"ListItem","position":2,"name":"Procesos Participacion"}]},{"@type":"WebSite","@id":"https:\/\/transparencia.galapagar.es\/#website","url":"https:\/\/transparencia.galapagar.es\/","name":"Transparencia | Ayuntamiento de Galapagar","description":"Portal de Transparencia de Galapagar","publisher":{"@id":"https:\/\/transparencia.galapagar.es\/#organization"},"potentialAction":[{"@type":"SearchAction","target":{"@type":"EntryPoint","urlTemplate":"https:\/\/transparencia.galapagar.es\/?s={search_term_string}"},"query-input":"required name=search_term_string"}],"inLanguage":"es"},{"@type":"Organization","@id":"https:\/\/transparencia.galapagar.es\/#organization","name":"Transparencia | Ayuntamiento de Galapagar","url":"https:\/\/transparencia.galapagar.es\/","logo":{"@type":"ImageObject","inLanguage":"es","@id":"https:\/\/transparencia.galapagar.es\/#\/schema\/logo\/image\/","url":"https:\/\/transparencia.galapagar.es\/wp-content\/uploads\/2020\/07\/escudoayuntamiento90x90-01.png","contentUrl":"https:\/\/transparencia.galapagar.es\/wp-content\/uploads\/2020\/07\/escudoayuntamiento90x90-01.png","width":376,"height":376,"caption":"Transparencia | Ayuntamiento de Galapagar"},"image":{"@id":"https:\/\/transparencia.galapagar.es\/#\/schema\/logo\/image\/"}}]}},"ticketed":false,"_links":{"self":[{"href":"https:\/\/transparencia.galapagar.es\/index.php?rest_route=\/wp\/v2\/pages\/11788"}],"collection":[{"href":"https:\/\/transparencia.galapagar.es\/index.php?rest_route=\/wp\/v2\/pages"}],"about":[{"href":"https:\/\/transparencia.galapagar.es\/index.php?rest_route=\/wp\/v2\/types\/page"}],"author":[{"embeddable":true,"href":"https:\/\/transparencia.galapagar.es\/index.php?rest_route=\/wp\/v2\/users\/21"}],"replies":[{"embeddable":true,"href":"https:\/\/transparencia.galapagar.es\/index.php?rest_route=%2Fwp%2Fv2%2Fcomments&post=11788"}],"version-history":[{"count":22,"href":"https:\/\/transparencia.galapagar.es\/index.php?rest_route=\/wp\/v2\/pages\/11788\/revisions"}],"predecessor-version":[{"id":11866,"href":"https:\/\/transparencia.galapagar.es\/index.php?rest_route=\/wp\/v2\/pages\/11788\/revisions\/11866"}],"wp:attachment":[{"href":"https:\/\/transparencia.galapagar.es\/index.php?rest_route=%2Fwp%2Fv2%2Fmedia&parent=11788"}],"curies":[{"name":"wp","href":"https:\/\/api.w.org\/{rel}","templated":true}]}}