

{"id":11695,"date":"2025-04-16T09:16:23","date_gmt":"2025-04-16T09:16:23","guid":{"rendered":"https:\/\/transparencia.galapagar.es\/?page_id=11695"},"modified":"2025-04-16T09:17:56","modified_gmt":"2025-04-16T09:17:56","slug":"gestion-documental-y-archivo","status":"publish","type":"page","link":"https:\/\/transparencia.galapagar.es\/?page_id=11695","title":{"rendered":"Gesti\u00f3n Documental y Archivo"},"content":{"rendered":"\t\t<div data-elementor-type=\"wp-page\" data-elementor-id=\"11695\" class=\"elementor elementor-11695\" data-elementor-post-type=\"page\">\n\t\t\t\t\t\t<section class=\"elementor-section elementor-top-section elementor-element elementor-element-cbe49c3 elementor-section-content-middle elementor-section-boxed elementor-section-height-default elementor-section-height-default\" data-id=\"cbe49c3\" data-element_type=\"section\">\n\t\t\t\t\t\t<div class=\"elementor-container elementor-column-gap-default\">\n\t\t\t\t\t<div class=\"elementor-column elementor-col-100 elementor-top-column elementor-element elementor-element-2d3b9e5\" data-id=\"2d3b9e5\" data-element_type=\"column\">\n\t\t\t<div class=\"elementor-widget-wrap elementor-element-populated\">\n\t\t\t\t\t\t<div class=\"elementor-element elementor-element-bc721ba elementor-widget elementor-widget-breadcrumbs\" data-id=\"bc721ba\" data-element_type=\"widget\" data-widget_type=\"breadcrumbs.default\">\n\t\t\t\t<div class=\"elementor-widget-container\">\n\t\t\t<link rel=\"stylesheet\" href=\"https:\/\/transparencia.galapagar.es\/wp-content\/plugins\/elementor-pro\/assets\/css\/widget-theme-elements.min.css\"><p id=\"breadcrumbs\"><span><span><a href=\"https:\/\/transparencia.galapagar.es\/\">Inicio<\/a><\/span><\/span><\/p>\t\t<\/div>\n\t\t\t\t<\/div>\n\t\t\t\t\t<\/div>\n\t\t<\/div>\n\t\t\t\t\t<\/div>\n\t\t<\/section>\n\t\t\t\t<section class=\"elementor-section elementor-top-section elementor-element elementor-element-c684647 elementor-section-boxed elementor-section-height-default elementor-section-height-default\" data-id=\"c684647\" data-element_type=\"section\">\n\t\t\t\t\t\t<div class=\"elementor-container elementor-column-gap-default\">\n\t\t\t\t\t<div class=\"elementor-column elementor-col-100 elementor-top-column elementor-element elementor-element-1cdee67 borde-degradado\" data-id=\"1cdee67\" data-element_type=\"column\">\n\t\t\t<div class=\"elementor-widget-wrap elementor-element-populated\">\n\t\t\t\t\t\t<div class=\"elementor-element elementor-element-d359321 elementor-widget elementor-widget-heading\" data-id=\"d359321\" data-element_type=\"widget\" data-widget_type=\"heading.default\">\n\t\t\t\t<div class=\"elementor-widget-container\">\n\t\t\t<style>\/*! elementor - v3.20.0 - 13-03-2024 *\/\n.elementor-heading-title{padding:0;margin:0;line-height:1}.elementor-widget-heading .elementor-heading-title[class*=elementor-size-]>a{color:inherit;font-size:inherit;line-height:inherit}.elementor-widget-heading .elementor-heading-title.elementor-size-small{font-size:15px}.elementor-widget-heading .elementor-heading-title.elementor-size-medium{font-size:19px}.elementor-widget-heading .elementor-heading-title.elementor-size-large{font-size:29px}.elementor-widget-heading .elementor-heading-title.elementor-size-xl{font-size:39px}.elementor-widget-heading .elementor-heading-title.elementor-size-xxl{font-size:59px}<\/style><h2 class=\"elementor-heading-title elementor-size-default\">Gesti\u00f3n documental y archivo<\/h2>\t\t<\/div>\n\t\t\t\t<\/div>\n\t\t\t\t\t<\/div>\n\t\t<\/div>\n\t\t\t\t\t<\/div>\n\t\t<\/section>\n\t\t\t\t<section class=\"elementor-section elementor-top-section elementor-element elementor-element-ee97f7d elementor-section-boxed elementor-section-height-default elementor-section-height-default\" data-id=\"ee97f7d\" data-element_type=\"section\">\n\t\t\t\t\t\t<div class=\"elementor-container elementor-column-gap-default\">\n\t\t\t\t\t<div class=\"elementor-column elementor-col-100 elementor-top-column elementor-element elementor-element-264188f\" data-id=\"264188f\" data-element_type=\"column\">\n\t\t\t<div class=\"elementor-widget-wrap elementor-element-populated\">\n\t\t\t\t\t\t<div class=\"elementor-element elementor-element-83474c6 elementor-widget elementor-widget-text-editor\" data-id=\"83474c6\" data-element_type=\"widget\" data-widget_type=\"text-editor.default\">\n\t\t\t\t<div class=\"elementor-widget-container\">\n\t\t\t<style>\/*! elementor - v3.20.0 - 13-03-2024 *\/\n.elementor-widget-text-editor.elementor-drop-cap-view-stacked .elementor-drop-cap{background-color:#69727d;color:#fff}.elementor-widget-text-editor.elementor-drop-cap-view-framed .elementor-drop-cap{color:#69727d;border:3px solid;background-color:transparent}.elementor-widget-text-editor:not(.elementor-drop-cap-view-default) .elementor-drop-cap{margin-top:8px}.elementor-widget-text-editor:not(.elementor-drop-cap-view-default) .elementor-drop-cap-letter{width:1em;height:1em}.elementor-widget-text-editor .elementor-drop-cap{float:left;text-align:center;line-height:1;font-size:50px}.elementor-widget-text-editor .elementor-drop-cap-letter{display:inline-block}<\/style>\t\t\t\t<div dir=\"auto\">El Archivo Muncipal del Ayuntamiento de Galapagar se rige por la siguiente\u00a0<strong>normativa<\/strong>:\u00a0<\/div><div dir=\"auto\">\u00a0<\/div><div dir=\"auto\"><ul><li>Plan Regional de Archivos Municipales de la Comunidad de Madrid. Consejer\u00eda de Cultura y Deportes de la Comunidad de Madrid. 1.985<\/li><li><a href=\"https:\/\/www.boe.es\/buscar\/pdf\/1993\/BOE-A-1993-14881-consolidado.pdf\" target=\"_blank\" rel=\"noopener\" data-saferedirecturl=\"https:\/\/www.google.com\/url?q=https:\/\/www.boe.es\/buscar\/pdf\/1993\/BOE-A-1993-14881-consolidado.pdf&amp;source=gmail&amp;ust=1600862810005000&amp;usg=AFQjCNGmkzXo58SWxw93MimqFROXgFPFIw\" data-insuit-uuid=\"c820019c-c1ad-4c12-8688-ec6d83da8b96\">Ley 4\/1993 de 21 de abril de Archivos y Patrimonio Documental de la Comunidad de Madrid<\/a>\u00a0<\/li><li><a href=\"https:\/\/www.boe.es\/buscar\/act.php?id=BOE-A-2019-10102&amp;p=20190422&amp;tn=2\" target=\"_blank\" rel=\"noopener\" data-saferedirecturl=\"https:\/\/www.google.com\/url?q=https:\/\/www.boe.es\/buscar\/act.php?id%3DBOE-A-2019-10102%26p%3D20190422%26tn%3D2&amp;source=gmail&amp;ust=1600862810005000&amp;usg=AFQjCNEHTRTJR4HJnSAg12v4lDjB0oZTSg\" data-insuit-uuid=\"e74a2656-855d-4874-b032-f7c22cedf4fa\">Ley 10\/2019 de 10 de abril de Transparencia y Participaci\u00f3n de la Comunidad de Madrid<\/a><\/li><li><a href=\"https:\/\/www.boe.es\/buscar\/doc.php?id=BOE-A-2001-18983\" target=\"_blank\" rel=\"noopener\" data-insuit-uuid=\"d4289400-fe31-4b80-a8c0-552a12be534a\">Ley 8\/2001, de 13 de julio de Protecci\u00f3n de Datos de Car\u00e1cter Personal en la Comunidad de Madrid<\/a><\/li><\/ul><div>\u00a0<\/div><div>La\u00a0<strong>valoraci\u00f3n documenta<\/strong>l se rige por las siguienes directrices:\u00a0<\/div><ul><li><a href=\"http:\/\/www.madrid.org\/archivos\/images\/QUIENES_SOMOS\/CONSEJO_ARCHIVOS\/MetodologiaCACM.pdf\" target=\"_blank\" rel=\"noopener\" data-insuit-uuid=\"c26ad9b6-9e2a-4ced-a666-22e20c4e1ee6\">METODOLOG\u00cdA PARA LA VALORACI\u00d3N Y DESTRUCCI\u00d3N F\u00cdSICA DE LOS DOCUMENTOS QUE FORMAN PARTE DEL PATRIMONIO DOCUMENTAL MADRILE\u00d1O<\/a>(aprobada por el Consejo Regional de Archivos de la Comunidad de Madrid en su sesi\u00f3n constitutiva de 28 de noviembre de 2012).<\/li><li><a href=\"http:\/\/www.madrid.org\/wleg_pub\/secure\/normativas\/contenidoNormativa.jsf?opcion=VerHtml&amp;nmnorma=9434&amp;cdestado=P#no-back-button\" target=\"_blank\" rel=\"noopener\" data-insuit-uuid=\"c982dfce-3dad-42e3-86b5-1017b266d11d\">ORDEN 2598\/2016, de 11 de julio, del Consejero de Presidencia, Justicia y Portavoc\u00eda del Gobierno, por la que se aprueban las tablas de valoraci\u00f3n de determinadas series documentales de la administraci\u00f3n de la Comunidad de Madrid y de las Administraciones Locales madrile\u00f1as y se autoriza la eliminaci\u00f3n de determinadas fracciones temporales de series documentales de la administraci\u00f3n de la Comunidad de Madrid y de las Administraciones Locales madrile\u00f1as.<\/a>\u00a0<\/li><li><a href=\"http:\/\/www.madrid.org\/wleg_pub\/secure\/normativas\/contenidoNormativa.jsf?opcion=VerHtml&amp;nmnorma=9586#no-back-button\" target=\"_blank\" rel=\"noopener\" data-insuit-uuid=\"733d475d-d054-4f85-b0de-2e69528e8706\">ORDEN 4831\/2016, de 7 de diciembre, del Consejero de Presidencia, Justicia y Portavoc\u00eda del Gobierno, por la que se aprueban las tablas de valoraci\u00f3n de determinadas series documentales de la administraci\u00f3n de la Comunidad de Madrid y de instituciones privadas madrile\u00f1as y se autoriza la eliminaci\u00f3n de determinadas fracciones temporales de series documentales de la administraci\u00f3n de la Comunidad de Madrid y de las Administraciones Locales madrile\u00f1as<\/a>.<\/li><\/ul><div>\u00a0<\/div><\/div>\t\t\t\t\t\t<\/div>\n\t\t\t\t<\/div>\n\t\t\t\t\t<\/div>\n\t\t<\/div>\n\t\t\t\t\t<\/div>\n\t\t<\/section>\n\t\t\t\t<\/div>\n\t\t","protected":false},"excerpt":{"rendered":"<p>Gesti\u00f3n documental y archivo El Archivo Muncipal del Ayuntamiento de Galapagar se rige por la siguiente\u00a0normativa:\u00a0\u00a0 Plan Regional de Archivos Municipales de la Comunidad de Madrid. Consejer\u00eda de Cultura y [&hellip;]<\/p>\n","protected":false},"author":21,"featured_media":0,"parent":0,"menu_order":0,"comment_status":"closed","ping_status":"closed","template":"","meta":{"_piecal_is_event":false,"_piecal_start_date":"","_piecal_end_date":"","_piecal_is_allday":false,"_price":"","_stock":"","_tribe_ticket_header":"","_tribe_default_ticket_provider":"","_tribe_ticket_capacity":"0","_ticket_start_date":"","_ticket_end_date":"","_tribe_ticket_show_description":"","_tribe_ticket_show_not_going":false,"_tribe_ticket_use_global_stock":"","_tribe_ticket_global_stock_level":"","_global_stock_mode":"","_global_stock_cap":"","_tribe_rsvp_for_event":"","_tribe_ticket_going_count":"","_tribe_ticket_not_going_count":"","_tribe_tickets_list":"[]","_tribe_ticket_has_attendee_info_fields":false,"footnotes":""},"yoast_head":"<!-- This site is optimized with the Yoast SEO plugin v22.0 - https:\/\/yoast.com\/wordpress\/plugins\/seo\/ -->\n<title>Gesti\u00f3n Documental y Archivo - Transparencia | Ayuntamiento de Galapagar<\/title>\n<meta name=\"robots\" content=\"index, follow, max-snippet:-1, max-image-preview:large, max-video-preview:-1\" \/>\n<link rel=\"canonical\" href=\"https:\/\/transparencia.galapagar.es\/?page_id=11695\" \/>\n<meta property=\"og:locale\" content=\"es_ES\" \/>\n<meta property=\"og:type\" content=\"article\" \/>\n<meta property=\"og:title\" content=\"Gesti\u00f3n Documental y Archivo - Transparencia | Ayuntamiento de Galapagar\" \/>\n<meta property=\"og:description\" content=\"Gesti\u00f3n documental y archivo El Archivo Muncipal del Ayuntamiento de Galapagar se rige por la siguiente\u00a0normativa:\u00a0\u00a0 Plan Regional de Archivos Municipales de la Comunidad de Madrid. Consejer\u00eda de Cultura y [&hellip;]\" \/>\n<meta property=\"og:url\" content=\"https:\/\/transparencia.galapagar.es\/?page_id=11695\" \/>\n<meta property=\"og:site_name\" content=\"Transparencia | Ayuntamiento de Galapagar\" \/>\n<meta property=\"article:modified_time\" content=\"2025-04-16T09:17:56+00:00\" \/>\n<meta name=\"twitter:card\" content=\"summary_large_image\" \/>\n<meta name=\"twitter:label1\" content=\"Tiempo de lectura\" \/>\n\t<meta name=\"twitter:data1\" content=\"2 minutos\" \/>\n<script type=\"application\/ld+json\" class=\"yoast-schema-graph\">{\"@context\":\"https:\/\/schema.org\",\"@graph\":[{\"@type\":\"WebPage\",\"@id\":\"https:\/\/transparencia.galapagar.es\/?page_id=11695\",\"url\":\"https:\/\/transparencia.galapagar.es\/?page_id=11695\",\"name\":\"Gesti\u00f3n Documental y Archivo - Transparencia | Ayuntamiento de Galapagar\",\"isPartOf\":{\"@id\":\"https:\/\/transparencia.galapagar.es\/#website\"},\"datePublished\":\"2025-04-16T09:16:23+00:00\",\"dateModified\":\"2025-04-16T09:17:56+00:00\",\"breadcrumb\":{\"@id\":\"https:\/\/transparencia.galapagar.es\/?page_id=11695#breadcrumb\"},\"inLanguage\":\"es\",\"potentialAction\":[{\"@type\":\"ReadAction\",\"target\":[\"https:\/\/transparencia.galapagar.es\/?page_id=11695\"]}]},{\"@type\":\"BreadcrumbList\",\"@id\":\"https:\/\/transparencia.galapagar.es\/?page_id=11695#breadcrumb\",\"itemListElement\":[{\"@type\":\"ListItem\",\"position\":1,\"name\":\"Inicio\",\"item\":\"https:\/\/transparencia.galapagar.es\/\"},{\"@type\":\"ListItem\",\"position\":2,\"name\":\"Gesti\u00f3n Documental y Archivo\"}]},{\"@type\":\"WebSite\",\"@id\":\"https:\/\/transparencia.galapagar.es\/#website\",\"url\":\"https:\/\/transparencia.galapagar.es\/\",\"name\":\"Transparencia | Ayuntamiento de Galapagar\",\"description\":\"Portal de Transparencia de Galapagar\",\"publisher\":{\"@id\":\"https:\/\/transparencia.galapagar.es\/#organization\"},\"potentialAction\":[{\"@type\":\"SearchAction\",\"target\":{\"@type\":\"EntryPoint\",\"urlTemplate\":\"https:\/\/transparencia.galapagar.es\/?s={search_term_string}\"},\"query-input\":\"required name=search_term_string\"}],\"inLanguage\":\"es\"},{\"@type\":\"Organization\",\"@id\":\"https:\/\/transparencia.galapagar.es\/#organization\",\"name\":\"Transparencia | Ayuntamiento de Galapagar\",\"url\":\"https:\/\/transparencia.galapagar.es\/\",\"logo\":{\"@type\":\"ImageObject\",\"inLanguage\":\"es\",\"@id\":\"https:\/\/transparencia.galapagar.es\/#\/schema\/logo\/image\/\",\"url\":\"https:\/\/transparencia.galapagar.es\/wp-content\/uploads\/2020\/07\/escudoayuntamiento90x90-01.png\",\"contentUrl\":\"https:\/\/transparencia.galapagar.es\/wp-content\/uploads\/2020\/07\/escudoayuntamiento90x90-01.png\",\"width\":376,\"height\":376,\"caption\":\"Transparencia | Ayuntamiento de Galapagar\"},\"image\":{\"@id\":\"https:\/\/transparencia.galapagar.es\/#\/schema\/logo\/image\/\"}}]}<\/script>\n<!-- \/ Yoast SEO plugin. -->","yoast_head_json":{"title":"Gesti\u00f3n Documental y Archivo - Transparencia | Ayuntamiento de Galapagar","robots":{"index":"index","follow":"follow","max-snippet":"max-snippet:-1","max-image-preview":"max-image-preview:large","max-video-preview":"max-video-preview:-1"},"canonical":"https:\/\/transparencia.galapagar.es\/?page_id=11695","og_locale":"es_ES","og_type":"article","og_title":"Gesti\u00f3n Documental y Archivo - Transparencia | Ayuntamiento de Galapagar","og_description":"Gesti\u00f3n documental y archivo El Archivo Muncipal del Ayuntamiento de Galapagar se rige por la siguiente\u00a0normativa:\u00a0\u00a0 Plan Regional de Archivos Municipales de la Comunidad de Madrid. Consejer\u00eda de Cultura y [&hellip;]","og_url":"https:\/\/transparencia.galapagar.es\/?page_id=11695","og_site_name":"Transparencia | Ayuntamiento de Galapagar","article_modified_time":"2025-04-16T09:17:56+00:00","twitter_card":"summary_large_image","twitter_misc":{"Tiempo de lectura":"2 minutos"},"schema":{"@context":"https:\/\/schema.org","@graph":[{"@type":"WebPage","@id":"https:\/\/transparencia.galapagar.es\/?page_id=11695","url":"https:\/\/transparencia.galapagar.es\/?page_id=11695","name":"Gesti\u00f3n Documental y Archivo - Transparencia | Ayuntamiento de Galapagar","isPartOf":{"@id":"https:\/\/transparencia.galapagar.es\/#website"},"datePublished":"2025-04-16T09:16:23+00:00","dateModified":"2025-04-16T09:17:56+00:00","breadcrumb":{"@id":"https:\/\/transparencia.galapagar.es\/?page_id=11695#breadcrumb"},"inLanguage":"es","potentialAction":[{"@type":"ReadAction","target":["https:\/\/transparencia.galapagar.es\/?page_id=11695"]}]},{"@type":"BreadcrumbList","@id":"https:\/\/transparencia.galapagar.es\/?page_id=11695#breadcrumb","itemListElement":[{"@type":"ListItem","position":1,"name":"Inicio","item":"https:\/\/transparencia.galapagar.es\/"},{"@type":"ListItem","position":2,"name":"Gesti\u00f3n Documental y Archivo"}]},{"@type":"WebSite","@id":"https:\/\/transparencia.galapagar.es\/#website","url":"https:\/\/transparencia.galapagar.es\/","name":"Transparencia | Ayuntamiento de Galapagar","description":"Portal de Transparencia de Galapagar","publisher":{"@id":"https:\/\/transparencia.galapagar.es\/#organization"},"potentialAction":[{"@type":"SearchAction","target":{"@type":"EntryPoint","urlTemplate":"https:\/\/transparencia.galapagar.es\/?s={search_term_string}"},"query-input":"required name=search_term_string"}],"inLanguage":"es"},{"@type":"Organization","@id":"https:\/\/transparencia.galapagar.es\/#organization","name":"Transparencia | Ayuntamiento de Galapagar","url":"https:\/\/transparencia.galapagar.es\/","logo":{"@type":"ImageObject","inLanguage":"es","@id":"https:\/\/transparencia.galapagar.es\/#\/schema\/logo\/image\/","url":"https:\/\/transparencia.galapagar.es\/wp-content\/uploads\/2020\/07\/escudoayuntamiento90x90-01.png","contentUrl":"https:\/\/transparencia.galapagar.es\/wp-content\/uploads\/2020\/07\/escudoayuntamiento90x90-01.png","width":376,"height":376,"caption":"Transparencia | Ayuntamiento de Galapagar"},"image":{"@id":"https:\/\/transparencia.galapagar.es\/#\/schema\/logo\/image\/"}}]}},"ticketed":false,"_links":{"self":[{"href":"https:\/\/transparencia.galapagar.es\/index.php?rest_route=\/wp\/v2\/pages\/11695"}],"collection":[{"href":"https:\/\/transparencia.galapagar.es\/index.php?rest_route=\/wp\/v2\/pages"}],"about":[{"href":"https:\/\/transparencia.galapagar.es\/index.php?rest_route=\/wp\/v2\/types\/page"}],"author":[{"embeddable":true,"href":"https:\/\/transparencia.galapagar.es\/index.php?rest_route=\/wp\/v2\/users\/21"}],"replies":[{"embeddable":true,"href":"https:\/\/transparencia.galapagar.es\/index.php?rest_route=%2Fwp%2Fv2%2Fcomments&post=11695"}],"version-history":[{"count":7,"href":"https:\/\/transparencia.galapagar.es\/index.php?rest_route=\/wp\/v2\/pages\/11695\/revisions"}],"predecessor-version":[{"id":11703,"href":"https:\/\/transparencia.galapagar.es\/index.php?rest_route=\/wp\/v2\/pages\/11695\/revisions\/11703"}],"wp:attachment":[{"href":"https:\/\/transparencia.galapagar.es\/index.php?rest_route=%2Fwp%2Fv2%2Fmedia&parent=11695"}],"curies":[{"name":"wp","href":"https:\/\/api.w.org\/{rel}","templated":true}]}}