

{"id":10852,"date":"2024-07-08T08:53:58","date_gmt":"2024-07-08T08:53:58","guid":{"rendered":"https:\/\/transparencia.galapagar.es\/?page_id=10852"},"modified":"2024-07-08T09:32:08","modified_gmt":"2024-07-08T09:32:08","slug":"condiciones-generales-de-uso","status":"publish","type":"page","link":"https:\/\/transparencia.galapagar.es\/?page_id=10852","title":{"rendered":"Condiciones generales de uso"},"content":{"rendered":"\t\t<div data-elementor-type=\"wp-page\" data-elementor-id=\"10852\" class=\"elementor elementor-10852\" data-elementor-post-type=\"page\">\n\t\t\t\t\t\t<section class=\"elementor-section elementor-top-section elementor-element elementor-element-d09c9de elementor-section-boxed elementor-section-height-default elementor-section-height-default\" data-id=\"d09c9de\" data-element_type=\"section\">\n\t\t\t\t\t\t<div class=\"elementor-container elementor-column-gap-default\">\n\t\t\t\t\t<div class=\"elementor-column elementor-col-100 elementor-top-column elementor-element elementor-element-1084742\" data-id=\"1084742\" data-element_type=\"column\">\n\t\t\t<div class=\"elementor-widget-wrap elementor-element-populated\">\n\t\t\t\t\t\t<div class=\"elementor-element elementor-element-3eb370d elementor-widget elementor-widget-text-editor\" data-id=\"3eb370d\" data-element_type=\"widget\" data-widget_type=\"text-editor.default\">\n\t\t\t\t<div class=\"elementor-widget-container\">\n\t\t\t<style>\/*! elementor - v3.20.0 - 13-03-2024 *\/\n.elementor-widget-text-editor.elementor-drop-cap-view-stacked .elementor-drop-cap{background-color:#69727d;color:#fff}.elementor-widget-text-editor.elementor-drop-cap-view-framed .elementor-drop-cap{color:#69727d;border:3px solid;background-color:transparent}.elementor-widget-text-editor:not(.elementor-drop-cap-view-default) .elementor-drop-cap{margin-top:8px}.elementor-widget-text-editor:not(.elementor-drop-cap-view-default) .elementor-drop-cap-letter{width:1em;height:1em}.elementor-widget-text-editor .elementor-drop-cap{float:left;text-align:center;line-height:1;font-size:50px}.elementor-widget-text-editor .elementor-drop-cap-letter{display:inline-block}<\/style>\t\t\t\t<p><strong style=\"color: inherit; font-family: Montserrat, sans-serif; font-size: 1.5rem;\">1<\/strong><span style=\"color: inherit; font-family: Montserrat, sans-serif; font-size: 1.5rem;\">.\u00a0<\/span><span style=\"color: inherit; font-family: Montserrat, sans-serif; font-size: 1.5rem;\">IDENTIFICACI\u00d3N DE LAS PARTES<\/span><\/p><p>Las presentes Condiciones Generales de Uso de los servicios ofrecidos en la URL <a href=\"http:\/\/www.transparencia.galapagar.es\">www.transparencia.galapagar.es<\/a> (en adelante el PORTAL) son suscritas, por el titular del dominio, <strong>AYUNTAMIENTO DE GALAPAGAR<\/strong>, cuyo correo electr\u00f3nico de contacto es: <a href=\"mailto:protecciondedatos@galapagar.es\">protecciondedatos@galapagar.es<\/a><\/p><p>Se considera USUARIO, a las personas f\u00edsicas con capacidad para suscribir v\u00e1lidamente un contrato de acuerdo con la ley aplicable.<\/p><p>Ud. no podr\u00e1 utilizar el sitio web y no podr\u00e1 aceptar las Condiciones si:<\/p><ul><li>no es mayor de edad y no puede formalizar un contrato vinculante conforme a derecho, o<\/li><li>no reviste la calidad de USUARIO seg\u00fan lo expuesto.<\/li><\/ul><h4><b>2<\/b>. PERFECCIONAMIENTO DEL ACUERDO<\/h4><p>Para utilizar el PORTAL, deben aceptarse las presentes condiciones generales (en adelante, las Condiciones), as\u00ed como aquellas estipulaciones particulares recogidas para la utilizaci\u00f3n y\/o contrataci\u00f3n de servicios concretos. En caso contrario, deber\u00e1 abandonarse el PORTAL.<\/p><p>Ud. podr\u00e1 aceptar las Condiciones:<\/p><ul><li>haciendo clic en el bot\u00f3n de aceptaci\u00f3n de las Condiciones, cuando se le ofrezca esta opci\u00f3n en la interfaz de usuario; o<\/li><li>utilizando de forma efectiva el sitio web. Ud. reconoce y acepta que, la utilizaci\u00f3n del PORTAL se considerar\u00e1 como una aceptaci\u00f3n de las Condiciones.<\/li><\/ul><p>Se aconseja al USUARIO leer con detenimiento las presentes condiciones. Podr\u00e1 guardarlas o imprimirlas si as\u00ed lo desea.<\/p><h4><b>3<\/b>. \u00c1MBITO DE APLICACI\u00d3N<\/h4><p>Las presentes condiciones generales ser\u00e1n de aplicaci\u00f3n a todos los servicios recogidos en la web <a href=\"http:\/\/www.transparencia.galapagar.es\">www.transparencia.galapagar.es<\/a><\/p><p>Los siguientes documentos se entienden incorporados a las presentes Condiciones por remisi\u00f3n desde las mismas:<\/p><ul><li><a href=\"https:\/\/transparencia.galapagar.es\/?page_id=10839\"><strong>Aviso Legal<\/strong><\/a><\/li><\/ul><h4><strong>4. <\/strong>USUARIOS Y SERVICIOS OFRECIDOS<\/h4><p>El PORTAL presenta servicios abiertos a la totalidad del p\u00fablico que lo visita.<\/p><p>El uso de los servicios ofrecidos en el website queda sujeto a la previa aceptaci\u00f3n y cumplimiento de las Condiciones por el USUARIO.<\/p><p>El uso de los servicios ofrecidos en el sitio es gratuito salvo que se exprese lo contrario de forma expresa.<\/p><h4><strong>5. <\/strong>POL\u00cdTICA DE PRIVACIDAD<\/h4><p>El presente sitio web no recaba datos personales de ning\u00fan tipo. \u00a0<\/p><h4><strong>6. <\/strong>POL\u00cdTICA DE COOKIES<\/h4><p>El PORTAL utiliza cookies funcionales y anal\u00edticas, propias y de terceros), basadas en h\u00e1bitos de navegaci\u00f3n del usuario, para mejorar la calidad del servicio. Los datos personales recabados a trav\u00e9s de estas cookies ser\u00e1n tratados por el <strong>AYUNTAMIENTO DE GALAPAGAR<\/strong> en los t\u00e9rminos indicados en su <strong>Pol\u00edtica de Cookies<\/strong>, que queda incorporada a las presentes Condiciones Generales por remisi\u00f3n desde este apartado.<\/p><h4><strong>7.<\/strong> PRECIO DE LOS SERVICCIOS OFRECIDOS E IMPUESTOS<\/h4><p>Los servicios ofrecidos en el portal son de acceso gratuito salvo que se exprese lo contrario.<\/p><h4><strong>8. <\/strong>CANCELACI\u00d3N DE LOS SERVICIOS<\/h4><p>Los servicios prestados por el portal para la generalidad de los usuarios son gratuitos y meramente informativos, por lo que no requieren acci\u00f3n alguna para su cese, tan s\u00f3lo la mera voluntad del usuario de no visitar el PORTAL.<\/p><h4><strong>9. <\/strong>RESPONSABILIDADES:<\/h4><h3 style=\"font-family: Poppins, sans-serif; color: #54595f;\">Del portal<\/h3><p>No se har\u00e1 responsable, directa ni subsidiariamente de:<\/p><ul><li>La calidad del servicio, pues se prestan \u201ctal cual\u201d y el <strong>AYUNTAMIENTO DE GALAPAGAR<\/strong> no otorga ninguna garant\u00eda con respecto a los mismos.<\/li><li>Los da\u00f1os que puedan causarse en los equipos del usuario por la utilizaci\u00f3n del portal.<\/li><li>Los vicios y defectos de toda clase de los contenidos transmitidos, difundidos, almacenados o puestos a disposici\u00f3n.<\/li><\/ul><p>En su caso, el <strong>AYUNTAMIENTO DE GALAPAGAR<\/strong> se hace responsable de los cambios en los precios de los servicios que ofrezca y de notificar a los usuarios en el plazo m\u00e1s breve posible por comunicaci\u00f3n personal o a trav\u00e9s de la actualizaci\u00f3n de los contenidos en el PORTAL.<\/p><h3>Del usuario<\/h3><p>El usuario\/cliente ser\u00e1 responsable:<\/p><ul><li>De los datos e informaciones introducidos y enviados al <strong>AYUNTAMIENTO DE GALAPAGAR<\/strong> en los formularios disponibles.<\/li><li>De la realizaci\u00f3n de cualquier tipo de actuaci\u00f3n il\u00edcita, lesiva de derechos, nociva y\/o perjudicial.<\/li><\/ul><h4><strong>10. <\/strong>PROPIEDAD INTELECTUAL E INDUSTRIAL<\/h4><p>La totalidad de esta web: texto, im\u00e1genes, marcas, gr\u00e1ficos, logotipos, botones, archivos de software, combinaciones de colores, estructura, selecci\u00f3n, ordenaci\u00f3n y presentaci\u00f3n de sus contenidos, c\u00f3digos objeto y fuente; son propiedad del <strong>AYUNTAMIENTO DE GALAPAGAR<\/strong> o de terceros colaboradores, quedando prohibida su reproducci\u00f3n, distribuci\u00f3n, comunicaci\u00f3n p\u00fablica y transformaci\u00f3n, salvo para uso personal y privado, debiendo el USUARIO respetar lo estipulado en el Aviso Legal que consta en el PORTAL, y que queda incorporado a las presentes Condiciones por remisi\u00f3n desde este apartado.<\/p><h4><strong>11.<\/strong> MENORES DE EDAD<\/h4><p>Los menores de catorce a\u00f1os deben solicitar y obtener el permiso de sus padres, tutor o representante legal antes de poder acceder a los contenidos alojados en el PORTAL. Queda prohibido el acceso y uso del portal a los menores de 14 a\u00f1os no autorizados.<\/p><p>El <strong>AYUNTAMIENTO DE GALAPAGAR<\/strong> recuerda a los usuarios mayores de edad que tengan a su cargo menores de 14 a\u00f1os, que ser\u00e1 de su exclusiva responsabilidad determinar qu\u00e9 servicios y\/o contenidos son apropiados para estos \u00faltimos; y les informa sobre la existencia de programas inform\u00e1ticos para acotar la navegaci\u00f3n, mediante el filtro o bloqueo a determinados contenidos.<\/p><h4><strong>12.<\/strong> FUERO<\/h4><p>Las presentes condiciones est\u00e1n redactadas en espa\u00f1ol, y se encuentran sometidas a la legislaci\u00f3n espa\u00f1ola vigente. Para cualquier tipo de controversia derivada de la utilizaci\u00f3n de los servicios ofrecidos o de los contenidos propios del portal las partes, con la aceptaci\u00f3n de estas Condiciones, se someter\u00e1n a los Tribunales y Juzgados competentes de la localidad donde el <strong>AYUNTAMIENTO DE GALAPAGAR<\/strong> tiene su sede social.<\/p><h4><strong>13. <\/strong>CONDICIONES ADICIONALES<\/h4><p>Si alguna disposici\u00f3n de estas Condiciones se considera inv\u00e1lida o inejecutable, dicha disposici\u00f3n ser\u00e1 eliminada quedando en vigor el resto del clausulado. Los t\u00edtulos de los apartados deben entenderse a los solos efectos de referencias, y de ning\u00fan modo definen, limitan, interpretan o describen el \u00e1mbito o extensi\u00f3n del apartado correspondiente.<\/p><h4><strong>12.<\/strong> RESOLUCI\u00d3N DE CONFLICTOS ONLINE<\/h4><p>Le recordamos que en caso de que usted sea persona f\u00edsica que act\u00fae con fines ajenos a sus actividades comerciales o empresariales, a su oficio o a su profesi\u00f3n, puede acudir a la plataforma de resoluci\u00f3n de litigios en l\u00ednea que puede encontrar en el siguiente enlace: <a href=\"http:\/\/ec.europa.eu\/consumers\/odr\/\">http:\/\/ec.europa.eu\/consumers\/odr\/<\/a><\/p>\t\t\t\t\t\t<\/div>\n\t\t\t\t<\/div>\n\t\t\t\t\t<\/div>\n\t\t<\/div>\n\t\t\t\t\t<\/div>\n\t\t<\/section>\n\t\t\t\t<\/div>\n\t\t","protected":false},"excerpt":{"rendered":"<p>1.\u00a0IDENTIFICACI\u00d3N DE LAS PARTES Las presentes Condiciones Generales de Uso de los servicios ofrecidos en la URL www.transparencia.galapagar.es (en adelante el PORTAL) son suscritas, por el titular del dominio, AYUNTAMIENTO [&hellip;]<\/p>\n","protected":false},"author":21,"featured_media":0,"parent":0,"menu_order":0,"comment_status":"closed","ping_status":"closed","template":"","meta":{"_piecal_is_event":false,"_piecal_start_date":"","_piecal_end_date":"","_piecal_is_allday":false,"_price":"","_stock":"","_tribe_ticket_header":"","_tribe_default_ticket_provider":"","_tribe_ticket_capacity":"0","_ticket_start_date":"","_ticket_end_date":"","_tribe_ticket_show_description":"","_tribe_ticket_show_not_going":false,"_tribe_ticket_use_global_stock":"","_tribe_ticket_global_stock_level":"","_global_stock_mode":"","_global_stock_cap":"","_tribe_rsvp_for_event":"","_tribe_ticket_going_count":"","_tribe_ticket_not_going_count":"","_tribe_tickets_list":"[]","_tribe_ticket_has_attendee_info_fields":false,"footnotes":""},"yoast_head":"<!-- This site is optimized with the Yoast SEO plugin v22.0 - https:\/\/yoast.com\/wordpress\/plugins\/seo\/ -->\n<title>Condiciones generales de uso - Transparencia | Ayuntamiento de Galapagar<\/title>\n<meta name=\"robots\" content=\"index, follow, max-snippet:-1, max-image-preview:large, max-video-preview:-1\" \/>\n<link rel=\"canonical\" href=\"https:\/\/transparencia.galapagar.es\/?page_id=10852\" \/>\n<meta property=\"og:locale\" content=\"es_ES\" \/>\n<meta property=\"og:type\" content=\"article\" \/>\n<meta property=\"og:title\" content=\"Condiciones generales de uso - Transparencia | Ayuntamiento de Galapagar\" \/>\n<meta property=\"og:description\" content=\"1.\u00a0IDENTIFICACI\u00d3N DE LAS PARTES Las presentes Condiciones Generales de Uso de los servicios ofrecidos en la URL www.transparencia.galapagar.es (en adelante el PORTAL) son suscritas, por el titular del dominio, AYUNTAMIENTO [&hellip;]\" \/>\n<meta property=\"og:url\" content=\"https:\/\/transparencia.galapagar.es\/?page_id=10852\" \/>\n<meta property=\"og:site_name\" content=\"Transparencia | Ayuntamiento de Galapagar\" \/>\n<meta property=\"article:modified_time\" content=\"2024-07-08T09:32:08+00:00\" \/>\n<meta name=\"twitter:card\" content=\"summary_large_image\" \/>\n<meta name=\"twitter:label1\" content=\"Tiempo de lectura\" \/>\n\t<meta name=\"twitter:data1\" content=\"5 minutos\" \/>\n<script type=\"application\/ld+json\" class=\"yoast-schema-graph\">{\"@context\":\"https:\/\/schema.org\",\"@graph\":[{\"@type\":\"WebPage\",\"@id\":\"https:\/\/transparencia.galapagar.es\/?page_id=10852\",\"url\":\"https:\/\/transparencia.galapagar.es\/?page_id=10852\",\"name\":\"Condiciones generales de uso - Transparencia | Ayuntamiento de Galapagar\",\"isPartOf\":{\"@id\":\"https:\/\/transparencia.galapagar.es\/#website\"},\"datePublished\":\"2024-07-08T08:53:58+00:00\",\"dateModified\":\"2024-07-08T09:32:08+00:00\",\"breadcrumb\":{\"@id\":\"https:\/\/transparencia.galapagar.es\/?page_id=10852#breadcrumb\"},\"inLanguage\":\"es\",\"potentialAction\":[{\"@type\":\"ReadAction\",\"target\":[\"https:\/\/transparencia.galapagar.es\/?page_id=10852\"]}]},{\"@type\":\"BreadcrumbList\",\"@id\":\"https:\/\/transparencia.galapagar.es\/?page_id=10852#breadcrumb\",\"itemListElement\":[{\"@type\":\"ListItem\",\"position\":1,\"name\":\"Inicio\",\"item\":\"https:\/\/transparencia.galapagar.es\/\"},{\"@type\":\"ListItem\",\"position\":2,\"name\":\"Condiciones generales de uso\"}]},{\"@type\":\"WebSite\",\"@id\":\"https:\/\/transparencia.galapagar.es\/#website\",\"url\":\"https:\/\/transparencia.galapagar.es\/\",\"name\":\"Transparencia | Ayuntamiento de Galapagar\",\"description\":\"Portal de Transparencia de Galapagar\",\"publisher\":{\"@id\":\"https:\/\/transparencia.galapagar.es\/#organization\"},\"potentialAction\":[{\"@type\":\"SearchAction\",\"target\":{\"@type\":\"EntryPoint\",\"urlTemplate\":\"https:\/\/transparencia.galapagar.es\/?s={search_term_string}\"},\"query-input\":\"required name=search_term_string\"}],\"inLanguage\":\"es\"},{\"@type\":\"Organization\",\"@id\":\"https:\/\/transparencia.galapagar.es\/#organization\",\"name\":\"Transparencia | Ayuntamiento de Galapagar\",\"url\":\"https:\/\/transparencia.galapagar.es\/\",\"logo\":{\"@type\":\"ImageObject\",\"inLanguage\":\"es\",\"@id\":\"https:\/\/transparencia.galapagar.es\/#\/schema\/logo\/image\/\",\"url\":\"https:\/\/transparencia.galapagar.es\/wp-content\/uploads\/2020\/07\/escudoayuntamiento90x90-01.png\",\"contentUrl\":\"https:\/\/transparencia.galapagar.es\/wp-content\/uploads\/2020\/07\/escudoayuntamiento90x90-01.png\",\"width\":376,\"height\":376,\"caption\":\"Transparencia | Ayuntamiento de Galapagar\"},\"image\":{\"@id\":\"https:\/\/transparencia.galapagar.es\/#\/schema\/logo\/image\/\"}}]}<\/script>\n<!-- \/ Yoast SEO plugin. -->","yoast_head_json":{"title":"Condiciones generales de uso - Transparencia | Ayuntamiento de Galapagar","robots":{"index":"index","follow":"follow","max-snippet":"max-snippet:-1","max-image-preview":"max-image-preview:large","max-video-preview":"max-video-preview:-1"},"canonical":"https:\/\/transparencia.galapagar.es\/?page_id=10852","og_locale":"es_ES","og_type":"article","og_title":"Condiciones generales de uso - Transparencia | Ayuntamiento de Galapagar","og_description":"1.\u00a0IDENTIFICACI\u00d3N DE LAS PARTES Las presentes Condiciones Generales de Uso de los servicios ofrecidos en la URL www.transparencia.galapagar.es (en adelante el PORTAL) son suscritas, por el titular del dominio, AYUNTAMIENTO [&hellip;]","og_url":"https:\/\/transparencia.galapagar.es\/?page_id=10852","og_site_name":"Transparencia | Ayuntamiento de Galapagar","article_modified_time":"2024-07-08T09:32:08+00:00","twitter_card":"summary_large_image","twitter_misc":{"Tiempo de lectura":"5 minutos"},"schema":{"@context":"https:\/\/schema.org","@graph":[{"@type":"WebPage","@id":"https:\/\/transparencia.galapagar.es\/?page_id=10852","url":"https:\/\/transparencia.galapagar.es\/?page_id=10852","name":"Condiciones generales de uso - Transparencia | Ayuntamiento de Galapagar","isPartOf":{"@id":"https:\/\/transparencia.galapagar.es\/#website"},"datePublished":"2024-07-08T08:53:58+00:00","dateModified":"2024-07-08T09:32:08+00:00","breadcrumb":{"@id":"https:\/\/transparencia.galapagar.es\/?page_id=10852#breadcrumb"},"inLanguage":"es","potentialAction":[{"@type":"ReadAction","target":["https:\/\/transparencia.galapagar.es\/?page_id=10852"]}]},{"@type":"BreadcrumbList","@id":"https:\/\/transparencia.galapagar.es\/?page_id=10852#breadcrumb","itemListElement":[{"@type":"ListItem","position":1,"name":"Inicio","item":"https:\/\/transparencia.galapagar.es\/"},{"@type":"ListItem","position":2,"name":"Condiciones generales de uso"}]},{"@type":"WebSite","@id":"https:\/\/transparencia.galapagar.es\/#website","url":"https:\/\/transparencia.galapagar.es\/","name":"Transparencia | Ayuntamiento de Galapagar","description":"Portal de Transparencia de Galapagar","publisher":{"@id":"https:\/\/transparencia.galapagar.es\/#organization"},"potentialAction":[{"@type":"SearchAction","target":{"@type":"EntryPoint","urlTemplate":"https:\/\/transparencia.galapagar.es\/?s={search_term_string}"},"query-input":"required name=search_term_string"}],"inLanguage":"es"},{"@type":"Organization","@id":"https:\/\/transparencia.galapagar.es\/#organization","name":"Transparencia | Ayuntamiento de Galapagar","url":"https:\/\/transparencia.galapagar.es\/","logo":{"@type":"ImageObject","inLanguage":"es","@id":"https:\/\/transparencia.galapagar.es\/#\/schema\/logo\/image\/","url":"https:\/\/transparencia.galapagar.es\/wp-content\/uploads\/2020\/07\/escudoayuntamiento90x90-01.png","contentUrl":"https:\/\/transparencia.galapagar.es\/wp-content\/uploads\/2020\/07\/escudoayuntamiento90x90-01.png","width":376,"height":376,"caption":"Transparencia | Ayuntamiento de Galapagar"},"image":{"@id":"https:\/\/transparencia.galapagar.es\/#\/schema\/logo\/image\/"}}]}},"ticketed":false,"_links":{"self":[{"href":"https:\/\/transparencia.galapagar.es\/index.php?rest_route=\/wp\/v2\/pages\/10852"}],"collection":[{"href":"https:\/\/transparencia.galapagar.es\/index.php?rest_route=\/wp\/v2\/pages"}],"about":[{"href":"https:\/\/transparencia.galapagar.es\/index.php?rest_route=\/wp\/v2\/types\/page"}],"author":[{"embeddable":true,"href":"https:\/\/transparencia.galapagar.es\/index.php?rest_route=\/wp\/v2\/users\/21"}],"replies":[{"embeddable":true,"href":"https:\/\/transparencia.galapagar.es\/index.php?rest_route=%2Fwp%2Fv2%2Fcomments&post=10852"}],"version-history":[{"count":4,"href":"https:\/\/transparencia.galapagar.es\/index.php?rest_route=\/wp\/v2\/pages\/10852\/revisions"}],"predecessor-version":[{"id":10861,"href":"https:\/\/transparencia.galapagar.es\/index.php?rest_route=\/wp\/v2\/pages\/10852\/revisions\/10861"}],"wp:attachment":[{"href":"https:\/\/transparencia.galapagar.es\/index.php?rest_route=%2Fwp%2Fv2%2Fmedia&parent=10852"}],"curies":[{"name":"wp","href":"https:\/\/api.w.org\/{rel}","templated":true}]}}